{"id":97,"date":"2020-09-27T11:41:02","date_gmt":"2020-09-27T11:41:02","guid":{"rendered":"http:\/\/localhost:8081\/?page_id=97"},"modified":"2026-02-22T12:26:00","modified_gmt":"2026-02-22T12:26:00","slug":"terms-and-conditions","status":"publish","type":"page","link":"https:\/\/lusitech.com\/es\/terms-and-conditions","title":{"rendered":"Condiciones"},"content":{"rendered":"<div data-elementor-type=\"wp-page\" data-elementor-id=\"97\" class=\"elementor elementor-97\" data-elementor-post-type=\"page\">\n\t\t\t\t\t\t<section class=\"elementor-section elementor-top-section elementor-element elementor-element-a1df529 elementor-section-boxed elementor-section-height-default elementor-section-height-default\" data-id=\"a1df529\" data-element_type=\"section\" data-e-type=\"section\" data-settings=\"{&quot;background_background&quot;:&quot;classic&quot;}\">\n\t\t\t\t\t\t<div class=\"elementor-container elementor-column-gap-default\">\n\t\t\t\t\t<div class=\"elementor-column elementor-col-100 elementor-top-column elementor-element elementor-element-7120d6d\" data-id=\"7120d6d\" data-element_type=\"column\" data-e-type=\"column\">\n\t\t\t<div class=\"elementor-widget-wrap elementor-element-populated\">\n\t\t\t\t\t\t<div class=\"elementor-element elementor-element-9c13aaa elementor-widget elementor-widget-heading\" data-id=\"9c13aaa\" data-element_type=\"widget\" data-e-type=\"widget\" data-widget_type=\"heading.default\">\n\t\t\t\t<div class=\"elementor-widget-container\">\n\t\t\t\t\t<h1 class=\"elementor-heading-title elementor-size-default\">Condiciones<\/h1>\t\t\t\t<\/div>\n\t\t\t\t<\/div>\n\t\t\t\t<div class=\"elementor-element elementor-element-08ce678 elementor-widget elementor-widget-text-editor\" data-id=\"08ce678\" data-element_type=\"widget\" data-e-type=\"widget\" data-widget_type=\"text-editor.default\">\n\t\t\t\t<div class=\"elementor-widget-container\">\n\t\t\t\t\t\t\t\t\t<p>Bienvenido a nuestro sitio web. Si contin\u00faa navegando y utilizando este sitio web, acepta cumplir y estar sujeto a los siguientes t\u00e9rminos y condiciones de uso, que, junto con nuestra pol\u00edtica de privacidad, rigen la relaci\u00f3n de LusiTech con usted en relaci\u00f3n con este sitio web.<\/p><p>El t\u00e9rmino \u201cLusiTech\u201d, \u201cnosotros\u201d, \u201cnos\u201d o \u201cNuestro\u201d se refiere al propietario del sitio web. LusiTech est\u00e1 registrada en Escocia con el n.\u00ba SC588867 y su domicilio social se encuentra en Stanley House, 69\/71 Hamilton Road, ML1 3DG, Motherwell. El t\u00e9rmino \u00abusted\u00bb se refiere al usuario o visitante de nuestro sitio web. El uso de este sitio web est\u00e1 sujeto a las siguientes condiciones de uso:<\/p><p>El t\u00e9rmino \u00abusted\u00bb se refiere al usuario o visitante de nuestro sitio web. El uso de este sitio web est\u00e1 sujeto a las siguientes condiciones de uso:<\/p><ul><li>El contenido de las p\u00e1ginas de este sitio web es solo para su informaci\u00f3n general y uso. Est\u00e1 sujeto a cambios sin previo aviso.<\/li><li>Ni nosotros ni ning\u00fan tercero brindamos ninguna garant\u00eda en cuanto a la precisi\u00f3n, puntualidad, rendimiento, integridad o idoneidad de la informaci\u00f3n y los materiales encontrados u ofrecidos en este sitio web para cualquier prop\u00f3sito en particular. Usted reconoce que dicha informaci\u00f3n y materiales pueden contener imprecisiones o errores y excluimos expresamente la responsabilidad por tales inexactitudes o errores en la medida m\u00e1xima permitida por la ley.<\/li><li>El uso de cualquier informaci\u00f3n o material en este sitio web es bajo su propio riesgo, por lo que no seremos responsables. Ser\u00e1 su responsabilidad asegurarse de que cualquier producto, servicio o informaci\u00f3n disponible a trav\u00e9s de este sitio web cumpla con sus requisitos espec\u00edficos.<\/li><li>Este sitio web contiene material que nos pertenece o tiene licencia. Este material incluye, entre otros, el dise\u00f1o, el dise\u00f1o, el aspecto, la apariencia y los gr\u00e1ficos. Se proh\u00edbe la reproducci\u00f3n, salvo de conformidad con el aviso de copyright, que forma parte de estos t\u00e9rminos y condiciones.<\/li><li>Todas las marcas registradas que se reproducen en este sitio web, que no son propiedad ni est\u00e1n autorizadas por el operador, se reconocen en el sitio web.<\/li><li>Unauthorised use of this website may give rise to a claim for damages and\/or be a criminal offence.<\/li><li>Este sitio web tambi\u00e9n puede incluir enlaces a otros sitios web. Estos enlaces se proporcionan para su conveniencia para proporcionar m\u00e1s informaci\u00f3n. No significan que respaldamos los sitios web. No tenemos responsabilidad por el contenido de los sitios web vinculados.<\/li><li>No puede crear un enlace a este sitio web desde otro sitio web o documento sin el consentimiento previo por escrito de LusiTech.<\/li><li>El uso de este sitio web y cualquier disputa que surja de dicho uso del sitio web est\u00e1 sujeto a las leyes de Escocia.<\/li><\/ul><p><strong><span style=\"font-size: x-large;\">Descargo de responsabilidad:<\/span><\/strong><br \/>La informaci\u00f3n contenida en este sitio web es solo para fines informativos generales. LusiTech proporciona esta informaci\u00f3n y, si bien nos esforzamos por mantenerla actualizada y correcta, no ofrecemos ninguna garant\u00eda, expresa o impl\u00edcita, sobre la integridad, exactitud, fiabilidad, idoneidad o disponibilidad del sitio web ni de la informaci\u00f3n, productos, servicios o gr\u00e1ficos relacionados que contiene para ning\u00fan prop\u00f3sito. Por lo tanto, cualquier confianza que usted deposite en dicha informaci\u00f3n es estrictamente bajo su propio riesgo.<\/p><p>En ning\u00fan caso seremos responsables de ninguna p\u00e9rdida o da\u00f1o, incluyendo, entre otros, p\u00e9rdidas o da\u00f1os indirectos o consecuentes, ni de ninguna p\u00e9rdida o da\u00f1o derivado de la p\u00e9rdida de datos o beneficios derivados del uso de este sitio web o en relaci\u00f3n con \u00e9l.<\/p><p>A trav\u00e9s de este sitio web, puede acceder a otros sitios web que no est\u00e1n bajo el control de LusiTech. No tenemos control sobre la naturaleza, el contenido ni la disponibilidad de dichos sitios. La inclusi\u00f3n de cualquier enlace no implica necesariamente una recomendaci\u00f3n ni respalda las opiniones expresadas en ellos.<\/p><p>Se hace todo lo posible para mantener el sitio web funcionando sin problemas. Sin embargo, LusiTech no asume ninguna responsabilidad ni ser\u00e1 responsable de que el sitio web no est\u00e9 disponible temporalmente debido a problemas t\u00e9cnicos fuera de nuestro control.<\/p><p><strong><span style=\"font-size: x-large;\">Derechos de autor:<\/span><\/strong><br \/>Este sitio web y su contenido son copyright de LusiTech <span id=\"current-year\"><\/span>. Todos los derechos reservados<\/p><p><script>\n  document.getElementById('current-year').textContent = new Date().getFullYear();\n<\/script><\/p><p>Se proh\u00edbe cualquier redistribuci\u00f3n o reproducci\u00f3n de parte o la totalidad de los contenidos en cualquier forma que no sea lo siguiente:<\/p><ul><li>Puede imprimir o descargar en un disco duro local extractos para su uso personal y no comercial solamente<\/li><li>Puede copiar el contenido a terceros individuales para su uso personal, pero solo si reconoce que el sitio web es la fuente del material.<\/li><li>No puede, excepto con nuestro permiso expreso por escrito, distribuir o explotar comercialmente el contenido. Tampoco puede transmitirlo o almacenarlo en ning\u00fan otro sitio web u otra forma de sistema de recuperaci\u00f3n electr\u00f3nica.<\/li><\/ul>\t\t\t\t\t\t\t\t<\/div>\n\t\t\t\t<\/div>\n\t\t\t\t\t<\/div>\n\t\t<\/div>\n\t\t\t\t\t<\/div>\n\t\t<\/section>\n\t\t\t\t<\/div>","protected":false},"excerpt":{"rendered":"<p>Terms and Conditions Welcome to our website. If you continue to browse and use this website you are agreeing to comply with and be bound by the following terms and conditions of use, which together with our privacy policy govern LusiTech&#8217;s relationship with you in relation to this website. The term &#8220;LusiTech&#8221; or &#8220;us&#8221; or [&hellip;]<\/p>\n","protected":false},"author":1,"featured_media":0,"parent":0,"menu_order":0,"comment_status":"closed","ping_status":"closed","template":"","meta":{"site-sidebar-layout":"no-sidebar","site-content-layout":"page-builder","ast-site-content-layout":"default","site-content-style":"default","site-sidebar-style":"default","ast-global-header-display":"","ast-banner-title-visibility":"","ast-main-header-display":"","ast-hfb-above-header-display":"","ast-hfb-below-header-display":"","ast-hfb-mobile-header-display":"","site-post-title":"disabled","ast-breadcrumbs-content":"","ast-featured-img":"disabled","footer-sml-layout":"","ast-disable-related-posts":"","theme-transparent-header-meta":"default","adv-header-id-meta":"","stick-header-meta":"","header-above-stick-meta":"","header-main-stick-meta":"","header-below-stick-meta":"","astra-migrate-meta-layouts":"default","ast-page-background-enabled":"default","ast-page-background-meta":{"desktop":{"background-color":"","background-image":"","background-repeat":"repeat","background-position":"center center","background-size":"auto","background-attachment":"scroll","background-type":"","background-media":"","overlay-type":"","overlay-color":"","overlay-opacity":"","overlay-gradient":""},"tablet":{"background-color":"","background-image":"","background-repeat":"repeat","background-position":"center center","background-size":"auto","background-attachment":"scroll","background-type":"","background-media":"","overlay-type":"","overlay-color":"","overlay-opacity":"","overlay-gradient":""},"mobile":{"background-color":"","background-image":"","background-repeat":"repeat","background-position":"center center","background-size":"auto","background-attachment":"scroll","background-type":"","background-media":"","overlay-type":"","overlay-color":"","overlay-opacity":"","overlay-gradient":""}},"ast-content-background-meta":{"desktop":{"background-color":"var(--ast-global-color-5)","background-image":"","background-repeat":"repeat","background-position":"center center","background-size":"auto","background-attachment":"scroll","background-type":"","background-media":"","overlay-type":"","overlay-color":"","overlay-opacity":"","overlay-gradient":""},"tablet":{"background-color":"var(--ast-global-color-5)","background-image":"","background-repeat":"repeat","background-position":"center center","background-size":"auto","background-attachment":"scroll","background-type":"","background-media":"","overlay-type":"","overlay-color":"","overlay-opacity":"","overlay-gradient":""},"mobile":{"background-color":"var(--ast-global-color-5)","background-image":"","background-repeat":"repeat","background-position":"center center","background-size":"auto","background-attachment":"scroll","background-type":"","background-media":"","overlay-type":"","overlay-color":"","overlay-opacity":"","overlay-gradient":""}},"footnotes":""},"class_list":["post-97","page","type-page","status-publish","hentry"],"_links":{"self":[{"href":"https:\/\/lusitech.com\/es\/wp-json\/wp\/v2\/pages\/97","targetHints":{"allow":["GET"]}}],"collection":[{"href":"https:\/\/lusitech.com\/es\/wp-json\/wp\/v2\/pages"}],"about":[{"href":"https:\/\/lusitech.com\/es\/wp-json\/wp\/v2\/types\/page"}],"author":[{"embeddable":true,"href":"https:\/\/lusitech.com\/es\/wp-json\/wp\/v2\/users\/1"}],"replies":[{"embeddable":true,"href":"https:\/\/lusitech.com\/es\/wp-json\/wp\/v2\/comments?post=97"}],"version-history":[{"count":6,"href":"https:\/\/lusitech.com\/es\/wp-json\/wp\/v2\/pages\/97\/revisions"}],"predecessor-version":[{"id":1369,"href":"https:\/\/lusitech.com\/es\/wp-json\/wp\/v2\/pages\/97\/revisions\/1369"}],"wp:attachment":[{"href":"https:\/\/lusitech.com\/es\/wp-json\/wp\/v2\/media?parent=97"}],"curies":[{"name":"wp","href":"https:\/\/api.w.org\/{rel}","templated":true}]}}