{"id":31,"date":"2020-09-25T13:11:35","date_gmt":"2020-09-25T13:11:35","guid":{"rendered":"http:\/\/localhost:8081\/?page_id=31"},"modified":"2026-02-23T23:12:09","modified_gmt":"2026-02-23T23:12:09","slug":"consulting","status":"publish","type":"page","link":"https:\/\/lusitech.com\/fr\/consulting","title":{"rendered":"SQL Server Consultancy"},"content":{"rendered":"<div data-elementor-type=\"wp-page\" data-elementor-id=\"31\" class=\"elementor elementor-31\" data-elementor-post-type=\"page\">\n\t\t\t\t\t\t<section class=\"elementor-section elementor-top-section elementor-element elementor-element-3065f13 elementor-section-boxed elementor-section-height-default elementor-section-height-default\" data-id=\"3065f13\" data-element_type=\"section\" data-e-type=\"section\" data-settings=\"{&quot;background_background&quot;:&quot;classic&quot;}\">\n\t\t\t\t\t\t<div class=\"elementor-container elementor-column-gap-default\">\n\t\t\t\t\t<div class=\"elementor-column elementor-col-100 elementor-top-column elementor-element elementor-element-37211d2 elementor-invisible\" data-id=\"37211d2\" data-element_type=\"column\" data-e-type=\"column\" data-settings=\"{&quot;animation&quot;:&quot;fadeIn&quot;}\">\n\t\t\t<div class=\"elementor-widget-wrap elementor-element-populated\">\n\t\t\t\t\t\t<section class=\"elementor-section elementor-inner-section elementor-element elementor-element-bec4620 elementor-section-content-middle elementor-section-boxed elementor-section-height-default elementor-section-height-default elementor-invisible\" data-id=\"bec4620\" data-element_type=\"section\" data-e-type=\"section\" data-settings=\"{&quot;animation&quot;:&quot;fadeIn&quot;}\">\n\t\t\t\t\t\t<div class=\"elementor-container elementor-column-gap-no\">\n\t\t\t\t\t<div class=\"elementor-column elementor-col-50 elementor-inner-column elementor-element elementor-element-ec1dce2\" data-id=\"ec1dce2\" data-element_type=\"column\" data-e-type=\"column\">\n\t\t\t<div class=\"elementor-widget-wrap elementor-element-populated\">\n\t\t\t\t\t\t<div class=\"elementor-element elementor-element-69f2610 elementor-widget elementor-widget-image\" data-id=\"69f2610\" data-element_type=\"widget\" data-e-type=\"widget\" data-widget_type=\"image.default\">\n\t\t\t\t<div class=\"elementor-widget-container\">\n\t\t\t\t\t\t\t\t\t\t\t\t\t\t\t<img fetchpriority=\"high\" decoding=\"async\" width=\"1024\" height=\"743\" src=\"\/wp-content\/uploads\/2020\/10\/base-de-dados-interligados-1-1024x743.png\" class=\"attachment-large size-large wp-image-249\" alt=\"\" srcset=\"\/wp-content\/uploads\/2020\/10\/base-de-dados-interligados-1-1024x743.png 1024w, \/wp-content\/uploads\/2020\/10\/base-de-dados-interligados-1-300x218.png 300w, \/wp-content\/uploads\/2020\/10\/base-de-dados-interligados-1-768x557.png 768w, \/wp-content\/uploads\/2020\/10\/base-de-dados-interligados-1.png 1278w\" sizes=\"(max-width: 1024px) 100vw, 1024px\" \/>\t\t\t\t\t\t\t\t\t\t\t\t\t\t\t<\/div>\n\t\t\t\t<\/div>\n\t\t\t\t\t<\/div>\n\t\t<\/div>\n\t\t\t\t<div class=\"elementor-column elementor-col-50 elementor-inner-column elementor-element elementor-element-aa21646\" data-id=\"aa21646\" data-element_type=\"column\" data-e-type=\"column\">\n\t\t\t<div class=\"elementor-widget-wrap elementor-element-populated\">\n\t\t\t\t\t\t<div class=\"elementor-element elementor-element-104d52b elementor-widget elementor-widget-heading\" data-id=\"104d52b\" data-element_type=\"widget\" data-e-type=\"widget\" data-widget_type=\"heading.default\">\n\t\t\t\t<div class=\"elementor-widget-container\">\n\t\t\t\t\t<h1 class=\"elementor-heading-title elementor-size-default\">Serveur SQL<\/h1>\t\t\t\t<\/div>\n\t\t\t\t<\/div>\n\t\t\t\t\t<\/div>\n\t\t<\/div>\n\t\t\t\t\t<\/div>\n\t\t<\/section>\n\t\t\t\t<div class=\"elementor-element elementor-element-dede638 elementor-widget elementor-widget-text-editor\" data-id=\"dede638\" data-element_type=\"widget\" data-e-type=\"widget\" data-widget_type=\"text-editor.default\">\n\t\t\t\t<div class=\"elementor-widget-container\">\n\t\t\t\t\t\t\t\t\t<div class=\"container\"><div class=\"wsite-section-elements\"><div class=\"paragraph\" data-sr-id=\"3\"><p>Many companies don&#8217;t need a full-time Database Administrator and assign database projects and tasks to internal IT professionals from other areas of expertise, which can cause performance and security problems down the road, and inadequately consuming their time and effort. LusiTechs&#8217; certified SQL Server consultants, with a considerable experience in the European market, are ready to make your databases go faster, safer and more reliable.<\/p><ul><li>Installation &amp; Configuration of SQL Server<\/li><li>SQL Server upgrade\u00a0<\/li><li>Standardisation de l'\u00e9tat de votre base de donn\u00e9es SQL \/ Azure SQL DBs<\/li><li>L'optimisation des performances<\/li><li>La haute disponibilit\u00e9 &amp; reprise apr\u00e8s sinistre<\/li><li>Migration vers la plateforme Azure SQL<\/li><li>Int\u00e9gration de donn\u00e9es, purge &amp; Archivage<\/li><\/ul><p>Sp\u00e9cialement adapt\u00e9 aux \u00e9quipes et entreprises de d\u00e9veloppement logiciel, LusiTech fournit un service de conseil \"<strong>DBA distant<\/strong>\". Avec ce service, votre \u00e9quipe b\u00e9n\u00e9ficiera de la meilleure assistance d'un consultant SQL Server pour optimiser l'interaction de vos applications avec le niveau Donn\u00e9es, en am\u00e9liorant les performances et l'\u00e9volutivit\u00e9 de votre application, et en laissant \u00e0 votre \u00e9quipe plus de temps pour le d\u00e9veloppement et l'assistance phases.<\/p><p>Puisque nous n'intervenons qu'en cas de besoin, l'embaucheLusiTechs' services peuvent \u00e9galement r\u00e9duire le co\u00fbt de vos projets et vous donneront un meilleur contr\u00f4le sur les heures ou les jours o\u00f9 nous sommes impliqu\u00e9s dans votre projet.<\/p><\/div><\/div><\/div>\t\t\t\t\t\t\t\t<\/div>\n\t\t\t\t<\/div>\n\t\t\t\t\t<\/div>\n\t\t<\/div>\n\t\t\t\t\t<\/div>\n\t\t<\/section>\n\t\t\t\t<section class=\"elementor-section elementor-top-section elementor-element elementor-element-4355709 elementor-section-boxed elementor-section-height-default elementor-section-height-default\" data-id=\"4355709\" data-element_type=\"section\" data-e-type=\"section\">\n\t\t\t\t\t\t<div class=\"elementor-container elementor-column-gap-no\">\n\t\t\t\t\t<div class=\"elementor-column elementor-col-100 elementor-top-column elementor-element elementor-element-866bb0e elementor-invisible\" data-id=\"866bb0e\" data-element_type=\"column\" data-e-type=\"column\" data-settings=\"{&quot;animation&quot;:&quot;fadeIn&quot;}\">\n\t\t\t<div class=\"elementor-widget-wrap elementor-element-populated\">\n\t\t\t\t\t\t<section class=\"elementor-section elementor-inner-section elementor-element elementor-element-0bbbb8a elementor-section-content-middle elementor-section-boxed elementor-section-height-default elementor-section-height-default elementor-invisible\" data-id=\"0bbbb8a\" data-element_type=\"section\" data-e-type=\"section\" data-settings=\"{&quot;animation&quot;:&quot;fadeIn&quot;}\">\n\t\t\t\t\t\t<div class=\"elementor-container elementor-column-gap-no\">\n\t\t\t\t\t<div class=\"elementor-column elementor-col-50 elementor-inner-column elementor-element elementor-element-1c4c817\" data-id=\"1c4c817\" data-element_type=\"column\" data-e-type=\"column\">\n\t\t\t<div class=\"elementor-widget-wrap elementor-element-populated\">\n\t\t\t\t\t\t<div class=\"elementor-element elementor-element-a648714 elementor-widget elementor-widget-image\" data-id=\"a648714\" data-element_type=\"widget\" data-e-type=\"widget\" data-widget_type=\"image.default\">\n\t\t\t\t<div class=\"elementor-widget-container\">\n\t\t\t\t\t\t\t\t\t\t\t\t\t\t\t<img decoding=\"async\" width=\"1024\" height=\"743\" src=\"\/wp-content\/uploads\/2020\/10\/business-intelligence-1-1024x743.png\" class=\"attachment-large size-large wp-image-246\" alt=\"\" srcset=\"\/wp-content\/uploads\/2020\/10\/business-intelligence-1-1024x743.png 1024w, \/wp-content\/uploads\/2020\/10\/business-intelligence-1-300x218.png 300w, \/wp-content\/uploads\/2020\/10\/business-intelligence-1-768x557.png 768w, \/wp-content\/uploads\/2020\/10\/business-intelligence-1.png 1278w\" sizes=\"(max-width: 1024px) 100vw, 1024px\" \/>\t\t\t\t\t\t\t\t\t\t\t\t\t\t\t<\/div>\n\t\t\t\t<\/div>\n\t\t\t\t\t<\/div>\n\t\t<\/div>\n\t\t\t\t<div class=\"elementor-column elementor-col-50 elementor-inner-column elementor-element elementor-element-493e7c8\" data-id=\"493e7c8\" data-element_type=\"column\" data-e-type=\"column\">\n\t\t\t<div class=\"elementor-widget-wrap elementor-element-populated\">\n\t\t\t\t\t\t<div class=\"elementor-element elementor-element-c480037 elementor-widget elementor-widget-heading\" data-id=\"c480037\" data-element_type=\"widget\" data-e-type=\"widget\" data-widget_type=\"heading.default\">\n\t\t\t\t<div class=\"elementor-widget-container\">\n\t\t\t\t\t<h1 class=\"elementor-heading-title elementor-size-default\">Intelligence \u00e9conomique<\/h1>\t\t\t\t<\/div>\n\t\t\t\t<\/div>\n\t\t\t\t\t<\/div>\n\t\t<\/div>\n\t\t\t\t\t<\/div>\n\t\t<\/section>\n\t\t\t\t<div class=\"elementor-element elementor-element-34e0867 elementor-widget elementor-widget-text-editor\" data-id=\"34e0867\" data-element_type=\"widget\" data-e-type=\"widget\" data-widget_type=\"text-editor.default\">\n\t\t\t\t<div class=\"elementor-widget-container\">\n\t\t\t\t\t\t\t\t\t<div class=\"container\">\n<div class=\"wsite-section-elements\">\n<div class=\"paragraph\" data-sr-id=\"3\">\n<p>\u200bDans le monde comp\u00e9titif et dynamique dans lequel nous vivons, il est important d'avoir toujours une longueur d'avance sur la concurrence. Et plus que jamais, la fa\u00e7on dont nous analysons les donn\u00e9es que nous stockons est essentielle pour prendre les meilleures d\u00e9cisions et distinguer nos entreprises au sein de notre secteur d'activit\u00e9.<\/p>\n<p><span style=\"font-size: 18px; color: var( --e-global-color-text );\">Les outils de Business Intelligence viennent en main pour montrer ces informations de diff\u00e9rents points de vue, pour les diff\u00e9rents domaines de l'entreprise. La fa\u00e7on dont les informations sont mises \u00e0 la disposition des utilisateurs et des d\u00e9cideurs ne peut pas \u00eatre g\u00e9n\u00e9ralis\u00e9e - Elle doit \u00eatre adapt\u00e9e \u00e0 votre entreprise.&nbsp;<\/span><span style=\"font-size: 18px; color: var( --e-global-color-text );\">LusiTech a des consultants en intelligence d'affaires exp\u00e9riment\u00e9s et certifi\u00e9s pour vous aider \u00e0 concevoir le meilleur outil de BI qui convient le mieux \u00e0 votre entreprise.&nbsp;<\/span><\/p>\n<p><span style=\"font-size: 18px; color: var( --e-global-color-text );\">Les projets de Business Intelligence peuvent \u00eatre longs et co\u00fbteux. \u00c0 ce titre, il est important que nos consultants soient pleinement impliqu\u00e9s pendant toutes les phases du projet, afin que les informations produites correspondent exactement \u00e0 ce qui est pr\u00e9vu.<br><\/span><span style=\"font-size: 18px; color: var( --e-global-color-text );\">Nos projets BI comportent les phases de haut niveau suivantes:<\/span><\/p>\n<ul>\n<li>\u00c9valuation initiale des exigences<\/li>\n<li>Approbation des \u00e9tapes de mise en \u0153uvre<\/li>\n<li>D\u00e9veloppement des versions de DataWarehouse<\/li>\n<li>Conception des rapports<\/li>\n<li>Signaler les abonnements et la livraison automatique<\/li>\n<li>R\u00e9\u00e9valuation constante de la valeur g\u00e9n\u00e9r\u00e9e par les informations fournies<\/li>\n<\/ul>\n<p>L'actualisation quotidienne du DataWarehouse doit \u00eatre \u00e9troitement surveill\u00e9e pour d\u00e9tecter d'\u00e9ventuels probl\u00e8mes avec les informations trait\u00e9es et pour garantir la disponibilit\u00e9 du service et la qualit\u00e9 des donn\u00e9es disponibles pour les utilisateurs finaux.<br>LusiTech offre un service de surveillance 24\/7 pour votre DataWarehouse. Cliquez <a href=\"https:\/\/lusitech-web-live.azurewebsites.net\/maintenance\">suricipour<\/a> plus d'informations.<\/p>\n<\/div>\n<\/div>\n<\/div>\t\t\t\t\t\t\t\t<\/div>\n\t\t\t\t<\/div>\n\t\t\t\t\t<\/div>\n\t\t<\/div>\n\t\t\t\t\t<\/div>\n\t\t<\/section>\n\t\t\t\t<section class=\"elementor-section elementor-top-section elementor-element elementor-element-778aecc elementor-section-boxed elementor-section-height-default elementor-section-height-default\" data-id=\"778aecc\" data-element_type=\"section\" data-e-type=\"section\" data-settings=\"{&quot;background_background&quot;:&quot;classic&quot;}\">\n\t\t\t\t\t\t<div class=\"elementor-container elementor-column-gap-default\">\n\t\t\t\t\t<div class=\"elementor-column elementor-col-100 elementor-top-column elementor-element elementor-element-32121c2 elementor-invisible\" data-id=\"32121c2\" data-element_type=\"column\" data-e-type=\"column\" data-settings=\"{&quot;animation&quot;:&quot;fadeIn&quot;}\">\n\t\t\t<div class=\"elementor-widget-wrap elementor-element-populated\">\n\t\t\t\t\t\t<section class=\"elementor-section elementor-inner-section elementor-element elementor-element-1b6af2c elementor-section-content-middle elementor-section-boxed elementor-section-height-default elementor-section-height-default elementor-invisible\" data-id=\"1b6af2c\" data-element_type=\"section\" data-e-type=\"section\" data-settings=\"{&quot;animation&quot;:&quot;fadeIn&quot;}\">\n\t\t\t\t\t\t<div class=\"elementor-container elementor-column-gap-no\">\n\t\t\t\t\t<div class=\"elementor-column elementor-col-50 elementor-inner-column elementor-element elementor-element-11ec488\" data-id=\"11ec488\" data-element_type=\"column\" data-e-type=\"column\">\n\t\t\t<div class=\"elementor-widget-wrap elementor-element-populated\">\n\t\t\t\t\t\t<div class=\"elementor-element elementor-element-572264f elementor-widget elementor-widget-image\" data-id=\"572264f\" data-element_type=\"widget\" data-e-type=\"widget\" data-widget_type=\"image.default\">\n\t\t\t\t<div class=\"elementor-widget-container\">\n\t\t\t\t\t\t\t\t\t\t\t\t\t\t\t<img decoding=\"async\" width=\"800\" height=\"550\" src=\"\/wp-content\/uploads\/2020\/10\/cloud2.png\" class=\"attachment-large size-large wp-image-255\" alt=\"\" srcset=\"\/wp-content\/uploads\/2020\/10\/cloud2.png 800w, \/wp-content\/uploads\/2020\/10\/cloud2-300x206.png 300w, \/wp-content\/uploads\/2020\/10\/cloud2-768x528.png 768w\" sizes=\"(max-width: 800px) 100vw, 800px\" \/>\t\t\t\t\t\t\t\t\t\t\t\t\t\t\t<\/div>\n\t\t\t\t<\/div>\n\t\t\t\t\t<\/div>\n\t\t<\/div>\n\t\t\t\t<div class=\"elementor-column elementor-col-50 elementor-inner-column elementor-element elementor-element-fa4924d\" data-id=\"fa4924d\" data-element_type=\"column\" data-e-type=\"column\">\n\t\t\t<div class=\"elementor-widget-wrap elementor-element-populated\">\n\t\t\t\t\t\t<div class=\"elementor-element elementor-element-2508458 elementor-widget elementor-widget-heading\" data-id=\"2508458\" data-element_type=\"widget\" data-e-type=\"widget\" data-widget_type=\"heading.default\">\n\t\t\t\t<div class=\"elementor-widget-container\">\n\t\t\t\t\t<h1 class=\"elementor-heading-title elementor-size-default\">Infrastructure<\/h1>\t\t\t\t<\/div>\n\t\t\t\t<\/div>\n\t\t\t\t\t<\/div>\n\t\t<\/div>\n\t\t\t\t\t<\/div>\n\t\t<\/section>\n\t\t\t\t<div class=\"elementor-element elementor-element-964cfbe elementor-widget elementor-widget-text-editor\" data-id=\"964cfbe\" data-element_type=\"widget\" data-e-type=\"widget\" data-widget_type=\"text-editor.default\">\n\t\t\t\t<div class=\"elementor-widget-container\">\n\t\t\t\t\t\t\t\t\t<p>Sp\u00e9cialement con\u00e7u pour les petites et moyennes entreprises qui ne n\u00e9cessitent pas de personnel informatique permanent, LusiTech offre un service de conseil en infrastructure, sur site et dans le cloud, pour garder votre entreprise en avance sur la concurrence.<br \/>\u00a0<br \/>\u00c0 un stade pr\u00e9coce, notre \u00e9quipe de consultants \u00e9valuera vos besoins informatiques actuels et vos plans de croissance \u00e0 moyen\/long terme. \u00c0 partir de l\u00e0, nous construirons un plan d'infrastructure adapt\u00e9 \u00e0 vos entreprises\u2019 besoins, pour tirer pleinement parti des technologies de l'information, gagner du temps et des ressources gr\u00e2ce \u00e0 des processus manuels et r\u00e9p\u00e9titifs.<br \/><br \/><\/p><ul><li>Installation et configuration des serveurs<\/li><li>Gestion du r\u00e9seau et des couches de stockage<\/li><li>Virtualisation \u00e0 l'aide de Microsoft Hyper-V ou VmWare<\/li><li>Adoption du cloud<\/li><li>Automatisation des processus manuels et r\u00e9p\u00e9titifs<\/li><li>S\u00e9curit\u00e9 de l'information<\/li><\/ul>\t\t\t\t\t\t\t\t<\/div>\n\t\t\t\t<\/div>\n\t\t\t\t\t<\/div>\n\t\t<\/div>\n\t\t\t\t\t<\/div>\n\t\t<\/section>\n\t\t\t\t<\/div>","protected":false},"excerpt":{"rendered":"<p>SQL Server Many companies don&#8217;t need a full-time Database Administrator and assign database projects and tasks to internal IT professionals from other areas of expertise, which can cause performance and security problems down the road, and inadequately consuming their time and effort. LusiTechs&#8217; certified SQL Server consultants, with a considerable experience in the European market, [&hellip;]<\/p>\n","protected":false},"author":1,"featured_media":0,"parent":0,"menu_order":0,"comment_status":"closed","ping_status":"closed","template":"","meta":{"site-sidebar-layout":"no-sidebar","site-content-layout":"page-builder","ast-site-content-layout":"default","site-content-style":"default","site-sidebar-style":"default","ast-global-header-display":"","ast-banner-title-visibility":"","ast-main-header-display":"","ast-hfb-above-header-display":"","ast-hfb-below-header-display":"","ast-hfb-mobile-header-display":"","site-post-title":"disabled","ast-breadcrumbs-content":"","ast-featured-img":"disabled","footer-sml-layout":"","ast-disable-related-posts":"","theme-transparent-header-meta":"default","adv-header-id-meta":"","stick-header-meta":"","header-above-stick-meta":"","header-main-stick-meta":"","header-below-stick-meta":"","astra-migrate-meta-layouts":"default","ast-page-background-enabled":"default","ast-page-background-meta":{"desktop":{"background-color":"","background-image":"","background-repeat":"repeat","background-position":"center center","background-size":"auto","background-attachment":"scroll","background-type":"","background-media":"","overlay-type":"","overlay-color":"","overlay-opacity":"","overlay-gradient":""},"tablet":{"background-color":"","background-image":"","background-repeat":"repeat","background-position":"center center","background-size":"auto","background-attachment":"scroll","background-type":"","background-media":"","overlay-type":"","overlay-color":"","overlay-opacity":"","overlay-gradient":""},"mobile":{"background-color":"","background-image":"","background-repeat":"repeat","background-position":"center center","background-size":"auto","background-attachment":"scroll","background-type":"","background-media":"","overlay-type":"","overlay-color":"","overlay-opacity":"","overlay-gradient":""}},"ast-content-background-meta":{"desktop":{"background-color":"var(--ast-global-color-5)","background-image":"","background-repeat":"repeat","background-position":"center center","background-size":"auto","background-attachment":"scroll","background-type":"","background-media":"","overlay-type":"","overlay-color":"","overlay-opacity":"","overlay-gradient":""},"tablet":{"background-color":"var(--ast-global-color-5)","background-image":"","background-repeat":"repeat","background-position":"center center","background-size":"auto","background-attachment":"scroll","background-type":"","background-media":"","overlay-type":"","overlay-color":"","overlay-opacity":"","overlay-gradient":""},"mobile":{"background-color":"var(--ast-global-color-5)","background-image":"","background-repeat":"repeat","background-position":"center center","background-size":"auto","background-attachment":"scroll","background-type":"","background-media":"","overlay-type":"","overlay-color":"","overlay-opacity":"","overlay-gradient":""}},"footnotes":""},"class_list":["post-31","page","type-page","status-publish","hentry"],"_links":{"self":[{"href":"https:\/\/lusitech.com\/fr\/wp-json\/wp\/v2\/pages\/31","targetHints":{"allow":["GET"]}}],"collection":[{"href":"https:\/\/lusitech.com\/fr\/wp-json\/wp\/v2\/pages"}],"about":[{"href":"https:\/\/lusitech.com\/fr\/wp-json\/wp\/v2\/types\/page"}],"author":[{"embeddable":true,"href":"https:\/\/lusitech.com\/fr\/wp-json\/wp\/v2\/users\/1"}],"replies":[{"embeddable":true,"href":"https:\/\/lusitech.com\/fr\/wp-json\/wp\/v2\/comments?post=31"}],"version-history":[{"count":14,"href":"https:\/\/lusitech.com\/fr\/wp-json\/wp\/v2\/pages\/31\/revisions"}],"predecessor-version":[{"id":1379,"href":"https:\/\/lusitech.com\/fr\/wp-json\/wp\/v2\/pages\/31\/revisions\/1379"}],"wp:attachment":[{"href":"https:\/\/lusitech.com\/fr\/wp-json\/wp\/v2\/media?parent=31"}],"curies":[{"name":"wp","href":"https:\/\/api.w.org\/{rel}","templated":true}]}}