{"id":48,"date":"2020-09-25T16:32:00","date_gmt":"2020-09-25T16:32:00","guid":{"rendered":"http:\/\/localhost:8081\/?page_id=48"},"modified":"2021-04-21T13:42:08","modified_gmt":"2021-04-21T13:42:08","slug":"maintenance","status":"publish","type":"page","link":"https:\/\/lusitech.com\/fr\/maintenance","title":{"rendered":"SQL Server Maintenance"},"content":{"rendered":"<div data-elementor-type=\"wp-page\" data-elementor-id=\"48\" class=\"elementor elementor-48\" data-elementor-post-type=\"page\">\n\t\t\t\t\t\t<section class=\"elementor-section elementor-top-section elementor-element elementor-element-a51d04d elementor-section-boxed elementor-section-height-default elementor-section-height-default\" data-id=\"a51d04d\" data-element_type=\"section\" data-e-type=\"section\" data-settings=\"{&quot;background_background&quot;:&quot;classic&quot;}\">\n\t\t\t\t\t\t<div class=\"elementor-container elementor-column-gap-default\">\n\t\t\t\t\t<div class=\"elementor-column elementor-col-100 elementor-top-column elementor-element elementor-element-524af26\" data-id=\"524af26\" data-element_type=\"column\" data-e-type=\"column\">\n\t\t\t<div class=\"elementor-widget-wrap elementor-element-populated\">\n\t\t\t\t\t\t<section class=\"elementor-section elementor-inner-section elementor-element elementor-element-c43a3dd elementor-section-content-middle elementor-section-boxed elementor-section-height-default elementor-section-height-default\" data-id=\"c43a3dd\" data-element_type=\"section\" data-e-type=\"section\">\n\t\t\t\t\t\t<div class=\"elementor-container elementor-column-gap-no\">\n\t\t\t\t\t<div class=\"elementor-column elementor-col-50 elementor-inner-column elementor-element elementor-element-b63cbdc\" data-id=\"b63cbdc\" data-element_type=\"column\" data-e-type=\"column\">\n\t\t\t<div class=\"elementor-widget-wrap elementor-element-populated\">\n\t\t\t\t\t\t<div class=\"elementor-element elementor-element-00e7fc9 elementor-widget elementor-widget-image\" data-id=\"00e7fc9\" data-element_type=\"widget\" data-e-type=\"widget\" data-widget_type=\"image.default\">\n\t\t\t\t<div class=\"elementor-widget-container\">\n\t\t\t\t\t\t\t\t\t\t\t\t\t\t\t<img fetchpriority=\"high\" decoding=\"async\" width=\"1278\" height=\"927\" src=\"\/wp-content\/uploads\/2020\/10\/base-de-dados.png\" class=\"attachment-full size-full wp-image-250\" alt=\"\" srcset=\"\/wp-content\/uploads\/2020\/10\/base-de-dados.png 1278w, \/wp-content\/uploads\/2020\/10\/base-de-dados-300x218.png 300w, \/wp-content\/uploads\/2020\/10\/base-de-dados-1024x743.png 1024w, \/wp-content\/uploads\/2020\/10\/base-de-dados-768x557.png 768w\" sizes=\"(max-width: 1278px) 100vw, 1278px\" \/>\t\t\t\t\t\t\t\t\t\t\t\t\t\t\t<\/div>\n\t\t\t\t<\/div>\n\t\t\t\t\t<\/div>\n\t\t<\/div>\n\t\t\t\t<div class=\"elementor-column elementor-col-50 elementor-inner-column elementor-element elementor-element-6e8b9fc\" data-id=\"6e8b9fc\" data-element_type=\"column\" data-e-type=\"column\">\n\t\t\t<div class=\"elementor-widget-wrap elementor-element-populated\">\n\t\t\t\t\t\t<div class=\"elementor-element elementor-element-1f4e92a elementor-widget elementor-widget-heading\" data-id=\"1f4e92a\" data-element_type=\"widget\" data-e-type=\"widget\" data-widget_type=\"heading.default\">\n\t\t\t\t<div class=\"elementor-widget-container\">\n\t\t\t\t\t<h1 class=\"elementor-heading-title elementor-size-default\">Serveur SQL<\/h1>\t\t\t\t<\/div>\n\t\t\t\t<\/div>\n\t\t\t\t\t<\/div>\n\t\t<\/div>\n\t\t\t\t\t<\/div>\n\t\t<\/section>\n\t\t\t\t<div class=\"elementor-element elementor-element-8a305f9 elementor-widget elementor-widget-text-editor\" data-id=\"8a305f9\" data-element_type=\"widget\" data-e-type=\"widget\" data-widget_type=\"text-editor.default\">\n\t\t\t\t<div class=\"elementor-widget-container\">\n\t\t\t\t\t\t\t\t\t<p>\u200bDe nombreuses entreprises n'ont pas besoin d'un administrateur de base de donn\u00e9es \u00e0 temps plein et, par cons\u00e9quent, ces bases de donn\u00e9es ne b\u00e9n\u00e9ficieront pas de la maintenance professionnelle requise pour fonctionner de mani\u00e8re optimale.<\/p><p>C'est l\u00e0 queLusiTech peut aider. Apr\u00e8s une premi\u00e8re intervention pour vous assurer que vos bases de donn\u00e9es sont aussi efficaces et s\u00fbres que possible, nous concevrons un plan de maintenance pour faire fonctionner vos bases de donn\u00e9es \u00e0 leurs performances optimales.<\/p><p>\u200bCela inclut une surveillance proactive 24h\/24 et 7j\/7 des performances et de la s\u00e9curit\u00e9.Nous serons donc conscients de tout probl\u00e8me avant m\u00eame que les utilisateurs ne le remarquent, ou de probl\u00e8mes d'int\u00e9gration plus graves.<\/p>\t\t\t\t\t\t\t\t<\/div>\n\t\t\t\t<\/div>\n\t\t\t\t\t<\/div>\n\t\t<\/div>\n\t\t\t\t\t<\/div>\n\t\t<\/section>\n\t\t\t\t<section class=\"elementor-section elementor-top-section elementor-element elementor-element-fb05f12 elementor-section-boxed elementor-section-height-default elementor-section-height-default\" data-id=\"fb05f12\" data-element_type=\"section\" data-e-type=\"section\" data-settings=\"{&quot;background_background&quot;:&quot;classic&quot;}\">\n\t\t\t\t\t\t<div class=\"elementor-container elementor-column-gap-default\">\n\t\t\t\t\t<div class=\"elementor-column elementor-col-100 elementor-top-column elementor-element elementor-element-8a7de77\" data-id=\"8a7de77\" data-element_type=\"column\" data-e-type=\"column\">\n\t\t\t<div class=\"elementor-widget-wrap elementor-element-populated\">\n\t\t\t\t\t\t<section class=\"elementor-section elementor-inner-section elementor-element elementor-element-1ff4d4e elementor-section-content-middle elementor-section-boxed elementor-section-height-default elementor-section-height-default\" data-id=\"1ff4d4e\" data-element_type=\"section\" data-e-type=\"section\">\n\t\t\t\t\t\t<div class=\"elementor-container elementor-column-gap-no\">\n\t\t\t\t\t<div class=\"elementor-column elementor-col-50 elementor-inner-column elementor-element elementor-element-1d0e70f\" data-id=\"1d0e70f\" data-element_type=\"column\" data-e-type=\"column\">\n\t\t\t<div class=\"elementor-widget-wrap elementor-element-populated\">\n\t\t\t\t\t\t<div class=\"elementor-element elementor-element-d38ab2d elementor-widget elementor-widget-image\" data-id=\"d38ab2d\" data-element_type=\"widget\" data-e-type=\"widget\" data-widget_type=\"image.default\">\n\t\t\t\t<div class=\"elementor-widget-container\">\n\t\t\t\t\t\t\t\t\t\t\t\t\t\t\t<img decoding=\"async\" width=\"1278\" height=\"927\" src=\"\/wp-content\/uploads\/2020\/10\/business-intelligence-1.png\" class=\"attachment-full size-full wp-image-246\" alt=\"\" srcset=\"\/wp-content\/uploads\/2020\/10\/business-intelligence-1.png 1278w, \/wp-content\/uploads\/2020\/10\/business-intelligence-1-300x218.png 300w, \/wp-content\/uploads\/2020\/10\/business-intelligence-1-1024x743.png 1024w, \/wp-content\/uploads\/2020\/10\/business-intelligence-1-768x557.png 768w\" sizes=\"(max-width: 1278px) 100vw, 1278px\" \/>\t\t\t\t\t\t\t\t\t\t\t\t\t\t\t<\/div>\n\t\t\t\t<\/div>\n\t\t\t\t\t<\/div>\n\t\t<\/div>\n\t\t\t\t<div class=\"elementor-column elementor-col-50 elementor-inner-column elementor-element elementor-element-218662f\" data-id=\"218662f\" data-element_type=\"column\" data-e-type=\"column\">\n\t\t\t<div class=\"elementor-widget-wrap elementor-element-populated\">\n\t\t\t\t\t\t<div class=\"elementor-element elementor-element-1f48b80 elementor-widget elementor-widget-heading\" data-id=\"1f48b80\" data-element_type=\"widget\" data-e-type=\"widget\" data-widget_type=\"heading.default\">\n\t\t\t\t<div class=\"elementor-widget-container\">\n\t\t\t\t\t<h1 class=\"elementor-heading-title elementor-size-default\">Intelligence \u00e9conomique<\/h1>\t\t\t\t<\/div>\n\t\t\t\t<\/div>\n\t\t\t\t\t<\/div>\n\t\t<\/div>\n\t\t\t\t\t<\/div>\n\t\t<\/section>\n\t\t\t\t<div class=\"elementor-element elementor-element-80f437a elementor-widget elementor-widget-text-editor\" data-id=\"80f437a\" data-element_type=\"widget\" data-e-type=\"widget\" data-widget_type=\"text-editor.default\">\n\t\t\t\t<div class=\"elementor-widget-container\">\n\t\t\t\t\t\t\t\t\t<p>\u200bUne fois que votre entreprise a mis en \u0153uvre une solution de Business Intelligence, si elle est laiss\u00e9e sans maintenance appropri\u00e9e, des erreurs avec les informations trait\u00e9es peuvent survenir, compromettant la disponibilit\u00e9 du service et la qualit\u00e9 des informations fournies aux utilisateurs finaux.<\/p><p>LusiTech offre un service proactif 24h \/ 24 et 7j \/ 7 pour surveiller votre processus d'actualisation de DataWarehouse, ce qui nous permet d'intervenir et de r\u00e9soudre les probl\u00e8mes en dehors des heures ouvrables, et donc d'assurer une disponibilit\u00e9 compl\u00e8te du service.<\/p><p>\u200b\u00c9tant donn\u00e9 que votre entreprise est en constante \u00e9volution, vos besoins de consommer des informations vont changer et augmenter. Donc,LusiTech offre un service gratuit pour cr\u00e9er de nouveaux rapports pour votre plateforme de BI existante afin de s'adapter \u00e0 votre nouvelle r\u00e9alit\u00e9 commerciale.<\/p>\t\t\t\t\t\t\t\t<\/div>\n\t\t\t\t<\/div>\n\t\t\t\t\t<\/div>\n\t\t<\/div>\n\t\t\t\t\t<\/div>\n\t\t<\/section>\n\t\t\t\t<section class=\"elementor-section elementor-top-section elementor-element elementor-element-c707ffc elementor-section-boxed elementor-section-height-default elementor-section-height-default\" data-id=\"c707ffc\" data-element_type=\"section\" data-e-type=\"section\" data-settings=\"{&quot;background_background&quot;:&quot;classic&quot;}\">\n\t\t\t\t\t\t<div class=\"elementor-container elementor-column-gap-default\">\n\t\t\t\t\t<div class=\"elementor-column elementor-col-100 elementor-top-column elementor-element elementor-element-6a36f0a\" data-id=\"6a36f0a\" data-element_type=\"column\" data-e-type=\"column\">\n\t\t\t<div class=\"elementor-widget-wrap elementor-element-populated\">\n\t\t\t\t\t\t<section class=\"elementor-section elementor-inner-section elementor-element elementor-element-08f6ea9 elementor-section-content-middle elementor-section-boxed elementor-section-height-default elementor-section-height-default\" data-id=\"08f6ea9\" data-element_type=\"section\" data-e-type=\"section\">\n\t\t\t\t\t\t<div class=\"elementor-container elementor-column-gap-no\">\n\t\t\t\t\t<div class=\"elementor-column elementor-col-50 elementor-inner-column elementor-element elementor-element-4fdecf1\" data-id=\"4fdecf1\" data-element_type=\"column\" data-e-type=\"column\">\n\t\t\t<div class=\"elementor-widget-wrap elementor-element-populated\">\n\t\t\t\t\t\t<div class=\"elementor-element elementor-element-99b110f elementor-widget elementor-widget-image\" data-id=\"99b110f\" data-element_type=\"widget\" data-e-type=\"widget\" data-widget_type=\"image.default\">\n\t\t\t\t<div class=\"elementor-widget-container\">\n\t\t\t\t\t\t\t\t\t\t\t\t\t\t\t<img decoding=\"async\" width=\"800\" height=\"550\" src=\"\/wp-content\/uploads\/2020\/10\/cloud2.png\" class=\"attachment-full size-full wp-image-255\" alt=\"\" srcset=\"\/wp-content\/uploads\/2020\/10\/cloud2.png 800w, \/wp-content\/uploads\/2020\/10\/cloud2-300x206.png 300w, \/wp-content\/uploads\/2020\/10\/cloud2-768x528.png 768w\" sizes=\"(max-width: 800px) 100vw, 800px\" \/>\t\t\t\t\t\t\t\t\t\t\t\t\t\t\t<\/div>\n\t\t\t\t<\/div>\n\t\t\t\t\t<\/div>\n\t\t<\/div>\n\t\t\t\t<div class=\"elementor-column elementor-col-50 elementor-inner-column elementor-element elementor-element-bdc3d44\" data-id=\"bdc3d44\" data-element_type=\"column\" data-e-type=\"column\">\n\t\t\t<div class=\"elementor-widget-wrap elementor-element-populated\">\n\t\t\t\t\t\t<div class=\"elementor-element elementor-element-a13cf23 elementor-widget elementor-widget-heading\" data-id=\"a13cf23\" data-element_type=\"widget\" data-e-type=\"widget\" data-widget_type=\"heading.default\">\n\t\t\t\t<div class=\"elementor-widget-container\">\n\t\t\t\t\t<h1 class=\"elementor-heading-title elementor-size-default\">Infrastructure<\/h1>\t\t\t\t<\/div>\n\t\t\t\t<\/div>\n\t\t\t\t\t<\/div>\n\t\t<\/div>\n\t\t\t\t\t<\/div>\n\t\t<\/section>\n\t\t\t\t<div class=\"elementor-element elementor-element-065a143 elementor-widget elementor-widget-text-editor\" data-id=\"065a143\" data-element_type=\"widget\" data-e-type=\"widget\" data-widget_type=\"text-editor.default\">\n\t\t\t\t<div class=\"elementor-widget-container\">\n\t\t\t\t\t\t\t\t\t<div><p>Sp\u00e9cialement adapt\u00e9 aux petites et moyennes entreprises o\u00f9 l'embauche de personnel informatique permanent n'est pas justifi\u00e9e, LusiTech fournit un service de maintenance d'infrastructure, \u00e0 la fois sur site et dans le Cloud, afin que votre entreprise ne s'arr\u00eate pas.<\/p><p>Apr\u00e8s une intervention initiale pour vous assurer que votre \u00e9tat informatique est aussi efficace et s\u00fbr que possible, notre service proactif 24h \/ 24 et 7j \/ 7 surveillera et maintiendra votre r\u00e9seau, vos serveurs et vos routines pour vous offrir le meilleur support tout en faisant progresser votre entreprise.<\/p><\/div>\t\t\t\t\t\t\t\t<\/div>\n\t\t\t\t<\/div>\n\t\t\t\t\t<\/div>\n\t\t<\/div>\n\t\t\t\t\t<\/div>\n\t\t<\/section>\n\t\t\t\t<\/div>","protected":false},"excerpt":{"rendered":"<p>SQL Server Many companies don&#8217;t need a full-time Database Administrator, and therefore those databases will not have the professional maintenance required to perform at its best efficiency. That&#8217;s where LusiTech can help. After an initial intervention to ensure your databases are as efficient and safe as possible, we&#8217;ll design a maintenance plan to make your [&hellip;]<\/p>\n","protected":false},"author":1,"featured_media":0,"parent":0,"menu_order":0,"comment_status":"closed","ping_status":"closed","template":"","meta":{"site-sidebar-layout":"no-sidebar","site-content-layout":"page-builder","ast-site-content-layout":"default","site-content-style":"default","site-sidebar-style":"default","ast-global-header-display":"","ast-banner-title-visibility":"","ast-main-header-display":"","ast-hfb-above-header-display":"","ast-hfb-below-header-display":"","ast-hfb-mobile-header-display":"","site-post-title":"disabled","ast-breadcrumbs-content":"","ast-featured-img":"disabled","footer-sml-layout":"","ast-disable-related-posts":"","theme-transparent-header-meta":"default","adv-header-id-meta":"","stick-header-meta":"","header-above-stick-meta":"","header-main-stick-meta":"","header-below-stick-meta":"","astra-migrate-meta-layouts":"default","ast-page-background-enabled":"default","ast-page-background-meta":{"desktop":{"background-color":"","background-image":"","background-repeat":"repeat","background-position":"center center","background-size":"auto","background-attachment":"scroll","background-type":"","background-media":"","overlay-type":"","overlay-color":"","overlay-opacity":"","overlay-gradient":""},"tablet":{"background-color":"","background-image":"","background-repeat":"repeat","background-position":"center center","background-size":"auto","background-attachment":"scroll","background-type":"","background-media":"","overlay-type":"","overlay-color":"","overlay-opacity":"","overlay-gradient":""},"mobile":{"background-color":"","background-image":"","background-repeat":"repeat","background-position":"center center","background-size":"auto","background-attachment":"scroll","background-type":"","background-media":"","overlay-type":"","overlay-color":"","overlay-opacity":"","overlay-gradient":""}},"ast-content-background-meta":{"desktop":{"background-color":"var(--ast-global-color-5)","background-image":"","background-repeat":"repeat","background-position":"center center","background-size":"auto","background-attachment":"scroll","background-type":"","background-media":"","overlay-type":"","overlay-color":"","overlay-opacity":"","overlay-gradient":""},"tablet":{"background-color":"var(--ast-global-color-5)","background-image":"","background-repeat":"repeat","background-position":"center center","background-size":"auto","background-attachment":"scroll","background-type":"","background-media":"","overlay-type":"","overlay-color":"","overlay-opacity":"","overlay-gradient":""},"mobile":{"background-color":"var(--ast-global-color-5)","background-image":"","background-repeat":"repeat","background-position":"center center","background-size":"auto","background-attachment":"scroll","background-type":"","background-media":"","overlay-type":"","overlay-color":"","overlay-opacity":"","overlay-gradient":""}},"footnotes":""},"class_list":["post-48","page","type-page","status-publish","hentry"],"_links":{"self":[{"href":"https:\/\/lusitech.com\/fr\/wp-json\/wp\/v2\/pages\/48","targetHints":{"allow":["GET"]}}],"collection":[{"href":"https:\/\/lusitech.com\/fr\/wp-json\/wp\/v2\/pages"}],"about":[{"href":"https:\/\/lusitech.com\/fr\/wp-json\/wp\/v2\/types\/page"}],"author":[{"embeddable":true,"href":"https:\/\/lusitech.com\/fr\/wp-json\/wp\/v2\/users\/1"}],"replies":[{"embeddable":true,"href":"https:\/\/lusitech.com\/fr\/wp-json\/wp\/v2\/comments?post=48"}],"version-history":[{"count":8,"href":"https:\/\/lusitech.com\/fr\/wp-json\/wp\/v2\/pages\/48\/revisions"}],"predecessor-version":[{"id":1343,"href":"https:\/\/lusitech.com\/fr\/wp-json\/wp\/v2\/pages\/48\/revisions\/1343"}],"wp:attachment":[{"href":"https:\/\/lusitech.com\/fr\/wp-json\/wp\/v2\/media?parent=48"}],"curies":[{"name":"wp","href":"https:\/\/api.w.org\/{rel}","templated":true}]}}