{"id":52,"date":"2020-09-25T16:48:52","date_gmt":"2020-09-25T16:48:52","guid":{"rendered":"http:\/\/localhost:8081\/?page_id=52"},"modified":"2026-02-23T23:10:45","modified_gmt":"2026-02-23T23:10:45","slug":"training","status":"publish","type":"page","link":"https:\/\/lusitech.com\/fr\/training","title":{"rendered":"Entra\u00eenement"},"content":{"rendered":"<div data-elementor-type=\"wp-page\" data-elementor-id=\"52\" class=\"elementor elementor-52\" data-elementor-post-type=\"page\">\n\t\t\t\t\t\t<section class=\"elementor-section elementor-top-section elementor-element elementor-element-951a722 elementor-section-height-min-height elementor-section-boxed elementor-section-height-default elementor-section-items-middle\" data-id=\"951a722\" data-element_type=\"section\" data-e-type=\"section\" data-settings=\"{&quot;background_background&quot;:&quot;classic&quot;}\">\n\t\t\t\t\t\t<div class=\"elementor-container elementor-column-gap-default\">\n\t\t\t\t\t<div class=\"elementor-column elementor-col-100 elementor-top-column elementor-element elementor-element-d330f6c\" data-id=\"d330f6c\" data-element_type=\"column\" data-e-type=\"column\">\n\t\t\t<div class=\"elementor-widget-wrap elementor-element-populated\">\n\t\t\t\t\t\t<section class=\"elementor-section elementor-inner-section elementor-element elementor-element-4f17467 elementor-section-content-middle elementor-section-boxed elementor-section-height-default elementor-section-height-default\" data-id=\"4f17467\" data-element_type=\"section\" data-e-type=\"section\">\n\t\t\t\t\t\t<div class=\"elementor-container elementor-column-gap-no\">\n\t\t\t\t\t<div class=\"elementor-column elementor-col-50 elementor-inner-column elementor-element elementor-element-397aa11\" data-id=\"397aa11\" data-element_type=\"column\" data-e-type=\"column\">\n\t\t\t<div class=\"elementor-widget-wrap elementor-element-populated\">\n\t\t\t\t\t\t<div class=\"elementor-element elementor-element-a12608a elementor-widget elementor-widget-image\" data-id=\"a12608a\" data-element_type=\"widget\" data-e-type=\"widget\" data-widget_type=\"image.default\">\n\t\t\t\t<div class=\"elementor-widget-container\">\n\t\t\t\t\t\t\t\t\t\t\t\t\t\t\t<img fetchpriority=\"high\" decoding=\"async\" width=\"710\" height=\"520\" src=\"\/wp-content\/uploads\/2020\/10\/Training.png\" class=\"attachment-large size-large wp-image-245\" alt=\"\" srcset=\"\/wp-content\/uploads\/2020\/10\/Training.png 710w, \/wp-content\/uploads\/2020\/10\/Training-300x220.png 300w\" sizes=\"(max-width: 710px) 100vw, 710px\" \/>\t\t\t\t\t\t\t\t\t\t\t\t\t\t\t<\/div>\n\t\t\t\t<\/div>\n\t\t\t\t\t<\/div>\n\t\t<\/div>\n\t\t\t\t<div class=\"elementor-column elementor-col-50 elementor-inner-column elementor-element elementor-element-1d45100\" data-id=\"1d45100\" data-element_type=\"column\" data-e-type=\"column\">\n\t\t\t<div class=\"elementor-widget-wrap elementor-element-populated\">\n\t\t\t\t\t\t<div class=\"elementor-element elementor-element-6f6449c elementor-widget elementor-widget-heading\" data-id=\"6f6449c\" data-element_type=\"widget\" data-e-type=\"widget\" data-widget_type=\"heading.default\">\n\t\t\t\t<div class=\"elementor-widget-container\">\n\t\t\t\t\t<h1 class=\"elementor-heading-title elementor-size-default\">Entra\u00eenement<\/h1>\t\t\t\t<\/div>\n\t\t\t\t<\/div>\n\t\t\t\t\t<\/div>\n\t\t<\/div>\n\t\t\t\t\t<\/div>\n\t\t<\/section>\n\t\t\t\t<div class=\"elementor-element elementor-element-51ba79c elementor-widget elementor-widget-text-editor\" data-id=\"51ba79c\" data-element_type=\"widget\" data-e-type=\"widget\" data-widget_type=\"text-editor.default\">\n\t\t\t\t<div class=\"elementor-widget-container\">\n\t\t\t\t\t\t\t\t\t<p>Often the official training, besides long and expensive, focuses all the content of the technology in question, ending up not to deepen the specific theme that the professional is after, in order to solve real problems of your company. This can create frustration in the IT professional by failing to achieve its goal and leads to inadequate investments of your company.<\/p><p>LusiTech's exp\u00e9rience sur le march\u00e9 informatique nous a aid\u00e9s \u00e0 d\u00e9velopper des modules de formation sp\u00e9cialement con\u00e7us pour les besoins de votre service informatique. Le retour sur investissement sera plus important si vous r\u00e9solvez des probl\u00e8mes r\u00e9els pour votre entreprise, et le temps que vos professionnels de l'informatique passent en formation sera pleinement utilis\u00e9 pour ce qui compte vraiment: <strong>votre entreprise.<\/strong>.<\/p><p><strong><span style=\"font-size: x-large;\">Serveur SQL:<\/span><\/strong><\/p><ul><li>Installation and Configuration of SQL Server;<\/li><li>Upgrade SQL Server;<\/li><li>L'optimisation des performances<\/li><li>T-SQL;<\/li><li>Services d'int\u00e9gration SQL Server (SSIS);<\/li><li>La haute disponibilit\u00e9 &amp; reprise apr\u00e8s sinistre<\/li><\/ul><p><strong><span style=\"font-size: x-large;\">L'intelligence d'entreprise:<\/span><\/strong><\/p><ul><li>SQL Server Reporting Services (SSRS);<\/li><li>Intelligence d'affaires (comprend les principaux de base + SSIS + SSRS + PowerBI);<\/li><li>Rapports SSRS pour les utilisateurs finaux.<\/li><\/ul><p><strong><span style=\"font-size: x-large;\">Infrastructure et adoption du cloud:<\/span><\/strong><\/p><ul><li>Hyper-V;<\/li><li>Migration vers et depuis les bases de donn\u00e9es SQL Azure;<\/li><li>Azure General &amp; VMs.<\/li><\/ul><p>Les sessions de formation sont dispens\u00e9es dans des environnements virtuels d\u00e9di\u00e9s, augmentant ainsi la productivit\u00e9 et la s\u00e9curit\u00e9 de la session. Ainsi, l'\u00e9quipement et les informations de votre entreprise ne sont pas compromis, et votre \u00e9quipe pourra se concentrer enti\u00e8rement sur le sujet.<\/p><p>Si vous ne trouvez pas de package qui correspond \u00e0 vos besoins, que ce soit en dur\u00e9e ou en contenu, <a href=\"https:\/\/lusitech-web-live.azurewebsites.net\/contact\">nous contacter<\/a>. Dans nos domaines d'expertise, nous pouvons cr\u00e9er une formation encore plus personnalis\u00e9e pour votre entreprise.<\/p>\t\t\t\t\t\t\t\t<\/div>\n\t\t\t\t<\/div>\n\t\t\t\t\t<\/div>\n\t\t<\/div>\n\t\t\t\t\t<\/div>\n\t\t<\/section>\n\t\t\t\t<\/div>","protected":false},"excerpt":{"rendered":"<p>Training Often the official training, besides long and expensive, focuses all the content of the technology in question, ending up not to deepen the specific theme that the professional is after, in order to solve real problems of your company. This can create frustration in the IT professional by failing to achieve its goal and [&hellip;]<\/p>\n","protected":false},"author":1,"featured_media":0,"parent":0,"menu_order":0,"comment_status":"closed","ping_status":"closed","template":"","meta":{"site-sidebar-layout":"no-sidebar","site-content-layout":"page-builder","ast-site-content-layout":"default","site-content-style":"default","site-sidebar-style":"default","ast-global-header-display":"","ast-banner-title-visibility":"","ast-main-header-display":"","ast-hfb-above-header-display":"","ast-hfb-below-header-display":"","ast-hfb-mobile-header-display":"","site-post-title":"disabled","ast-breadcrumbs-content":"","ast-featured-img":"disabled","footer-sml-layout":"","ast-disable-related-posts":"","theme-transparent-header-meta":"default","adv-header-id-meta":"","stick-header-meta":"","header-above-stick-meta":"","header-main-stick-meta":"","header-below-stick-meta":"","astra-migrate-meta-layouts":"default","ast-page-background-enabled":"default","ast-page-background-meta":{"desktop":{"background-color":"","background-image":"","background-repeat":"repeat","background-position":"center center","background-size":"auto","background-attachment":"scroll","background-type":"","background-media":"","overlay-type":"","overlay-color":"","overlay-opacity":"","overlay-gradient":""},"tablet":{"background-color":"","background-image":"","background-repeat":"repeat","background-position":"center center","background-size":"auto","background-attachment":"scroll","background-type":"","background-media":"","overlay-type":"","overlay-color":"","overlay-opacity":"","overlay-gradient":""},"mobile":{"background-color":"","background-image":"","background-repeat":"repeat","background-position":"center center","background-size":"auto","background-attachment":"scroll","background-type":"","background-media":"","overlay-type":"","overlay-color":"","overlay-opacity":"","overlay-gradient":""}},"ast-content-background-meta":{"desktop":{"background-color":"var(--ast-global-color-5)","background-image":"","background-repeat":"repeat","background-position":"center center","background-size":"auto","background-attachment":"scroll","background-type":"","background-media":"","overlay-type":"","overlay-color":"","overlay-opacity":"","overlay-gradient":""},"tablet":{"background-color":"var(--ast-global-color-5)","background-image":"","background-repeat":"repeat","background-position":"center center","background-size":"auto","background-attachment":"scroll","background-type":"","background-media":"","overlay-type":"","overlay-color":"","overlay-opacity":"","overlay-gradient":""},"mobile":{"background-color":"var(--ast-global-color-5)","background-image":"","background-repeat":"repeat","background-position":"center center","background-size":"auto","background-attachment":"scroll","background-type":"","background-media":"","overlay-type":"","overlay-color":"","overlay-opacity":"","overlay-gradient":""}},"footnotes":""},"class_list":["post-52","page","type-page","status-publish","hentry"],"_links":{"self":[{"href":"https:\/\/lusitech.com\/fr\/wp-json\/wp\/v2\/pages\/52","targetHints":{"allow":["GET"]}}],"collection":[{"href":"https:\/\/lusitech.com\/fr\/wp-json\/wp\/v2\/pages"}],"about":[{"href":"https:\/\/lusitech.com\/fr\/wp-json\/wp\/v2\/types\/page"}],"author":[{"embeddable":true,"href":"https:\/\/lusitech.com\/fr\/wp-json\/wp\/v2\/users\/1"}],"replies":[{"embeddable":true,"href":"https:\/\/lusitech.com\/fr\/wp-json\/wp\/v2\/comments?post=52"}],"version-history":[{"count":21,"href":"https:\/\/lusitech.com\/fr\/wp-json\/wp\/v2\/pages\/52\/revisions"}],"predecessor-version":[{"id":1376,"href":"https:\/\/lusitech.com\/fr\/wp-json\/wp\/v2\/pages\/52\/revisions\/1376"}],"wp:attachment":[{"href":"https:\/\/lusitech.com\/fr\/wp-json\/wp\/v2\/media?parent=52"}],"curies":[{"name":"wp","href":"https:\/\/api.w.org\/{rel}","templated":true}]}}