{"id":97,"date":"2020-09-27T11:41:02","date_gmt":"2020-09-27T11:41:02","guid":{"rendered":"http:\/\/localhost:8081\/?page_id=97"},"modified":"2026-02-22T12:26:00","modified_gmt":"2026-02-22T12:26:00","slug":"terms-and-conditions","status":"publish","type":"page","link":"https:\/\/lusitech.com\/fr\/terms-and-conditions","title":{"rendered":"Termes &amp; Conditions"},"content":{"rendered":"<div data-elementor-type=\"wp-page\" data-elementor-id=\"97\" class=\"elementor elementor-97\" data-elementor-post-type=\"page\">\n\t\t\t\t\t\t<section class=\"elementor-section elementor-top-section elementor-element elementor-element-a1df529 elementor-section-boxed elementor-section-height-default elementor-section-height-default\" data-id=\"a1df529\" data-element_type=\"section\" data-e-type=\"section\" data-settings=\"{&quot;background_background&quot;:&quot;classic&quot;}\">\n\t\t\t\t\t\t<div class=\"elementor-container elementor-column-gap-default\">\n\t\t\t\t\t<div class=\"elementor-column elementor-col-100 elementor-top-column elementor-element elementor-element-7120d6d\" data-id=\"7120d6d\" data-element_type=\"column\" data-e-type=\"column\">\n\t\t\t<div class=\"elementor-widget-wrap elementor-element-populated\">\n\t\t\t\t\t\t<div class=\"elementor-element elementor-element-9c13aaa elementor-widget elementor-widget-heading\" data-id=\"9c13aaa\" data-element_type=\"widget\" data-e-type=\"widget\" data-widget_type=\"heading.default\">\n\t\t\t\t<div class=\"elementor-widget-container\">\n\t\t\t\t\t<h1 class=\"elementor-heading-title elementor-size-default\">Termes &amp; Conditions<\/h1>\t\t\t\t<\/div>\n\t\t\t\t<\/div>\n\t\t\t\t<div class=\"elementor-element elementor-element-08ce678 elementor-widget elementor-widget-text-editor\" data-id=\"08ce678\" data-element_type=\"widget\" data-e-type=\"widget\" data-widget_type=\"text-editor.default\">\n\t\t\t\t<div class=\"elementor-widget-container\">\n\t\t\t\t\t\t\t\t\t<p>Bienvenue sur notre site web. En continuant \u00e0 naviguer et \u00e0 utiliser ce site, vous acceptez de vous conformer aux conditions d'utilisation suivantes et d'y \u00eatre li\u00e9. Ces conditions, ainsi que notre politique de confidentialit\u00e9, r\u00e9gissent la relation entre LusiTech et vous concernant ce site<\/p><p>Le terme \u201cLusiTech\u201d,  \u201cnous\u201d ou \u201cnotre\u201d d\u00e9signe le propri\u00e9taire du site web. LusiTech est une soci\u00e9t\u00e9 enregistr\u00e9e en \u00c9cosse sous le num\u00e9ro SC588867, dont le si\u00e8ge social est situ\u00e9 \u00e0 Stanley House, 69\/71 Hamilton Road, ML1 3DG Motherwell. Le terme \u201cvous\u201d d\u00e9signe l'utilisateur ou le visiteur de notre site web. L'utilisation de ce site est soumise aux conditions d'utilisation suivantes:<\/p><p>L'utilisation de ce site Web est soumise aux conditions d'utilisation suivantes:<\/p><ul><li>Le contenu des pages de ce site Web est pour votre information g\u00e9n\u00e9rale et utilisation seulement. Un changement sans pr\u00e9avis est possible.<\/li><li>Ni nous, ni aucun tiers ne fournissons de garantie quant \u00e0 l'exactitude, l'actualit\u00e9, la performance, l'exhaustivit\u00e9 ou l'ad\u00e9quation des informations et des documents trouv\u00e9s ou offerts sur ce site Web \u00e0 une fin particuli\u00e8re. Vous reconnaissez que ces informations et documents peuvent contenir des inexactitudes ou des erreurs et nous excluons express\u00e9ment toute responsabilit\u00e9 pour de telles inexactitudes ou erreurs dans toute la mesure permise par la loi.<\/li><li>Votre utilisation de toute information ou mat\u00e9riel sur ce site Web est enti\u00e8rement \u00e0 vos propres risques, dont nous ne serons pas responsables. Il vous incombe de vous assurer que tous les produits, services ou informations disponibles sur ce site Web r\u00e9pondent \u00e0 vos besoins sp\u00e9cifiques.<\/li><li>Ce site Web contient du mat\u00e9riel qui nous appartient ou nous est conc\u00e9d\u00e9 sous licence. Ce mat\u00e9riel comprend, mais sans s'y limiter, la conception, la mise en page, l'apparence, l'apparence et les graphiques. La reproduction est interdite autrement qu'en conformit\u00e9 avec l'avis de droit d'auteur, qui fait partie de ces termes et conditions.<\/li><li>Toutes les marques de commerce reproduites sur ce site Web, qui ne sont pas la propri\u00e9t\u00e9 de, ou sous licence \u00e0 l'op\u00e9rateur, sont reconnues sur le site Web.<\/li><li>Unauthorised use of this website may give rise to a claim for damages and\/or be a criminal offence.<\/li><li>Ce site Web peut \u00e9galement inclure des liens vers d'autres sites Web. Ces liens sont fournis pour votre commodit\u00e9 afin de fournir de plus amples informations. Ils ne signifient pas que nous approuvons les sites). Nous n'avons aucune responsabilit\u00e9 pour le contenu des sites Web li\u00e9s.<\/li><li>Vous ne pouvez pas cr\u00e9er de lien vers ce site Web \u00e0 partir d'un autre site Web ou document sans le consentement \u00e9crit pr\u00e9alable de LusiTech.<\/li><li>Votre utilisation de ce site Web et tout litige d\u00e9coulant d'une telle utilisation du site Web sont soumis aux lois de l'\u00c9cosse.<\/li><\/ul><p><strong><span style=\"font-size: x-large;\">Avertissement:<\/span><\/strong><br \/>Les informations contenues sur ce site web sont fournies \u00e0 titre indicatif uniquement. Elles sont fournies par LusiTech et, bien que nous nous efforcions de les maintenir \u00e0 jour et exactes, nous ne faisons aucune d\u00e9claration ni ne donnons aucune garantie, expresse ou implicite, quant \u00e0 leur exhaustivit\u00e9, leur exactitude, leur fiabilit\u00e9, leur pertinence ou leur disponibilit\u00e9, ni quant aux produits, services ou \u00e9l\u00e9ments graphiques associ\u00e9s pr\u00e9sents sur le site web, et ce, \u00e0 quelque fin que ce soit. Toute utilisation de ces informations se fait donc \u00e0 vos propres risques.<\/p><p>En aucun cas, nous ne serons responsables des pertes ou dommages, y compris, sans limitation, les pertes ou dommages indirects ou cons\u00e9cutifs, ou toute perte ou tout dommage r\u00e9sultant d'une perte de donn\u00e9es ou de profits, d\u00e9coulant de l'utilisation de ce site web ou en lien avec celle-ci.<\/p><p>Ce site web vous permet d'acc\u00e9der \u00e0 d'autres sites web qui ne sont pas sous le contr\u00f4le de LusiTech. Nous n'avons aucun contr\u00f4le sur la nature, le contenu et la disponibilit\u00e9 de ces sites. L'inclusion de liens n'implique pas n\u00e9cessairement une recommandation ou une approbation des opinions qui y sont exprim\u00e9es.<\/p><p>Nous mettons tout en \u0153uvre pour assurer le bon fonctionnement du site web. Cependant, LusiTech n'assume aucune responsabilit\u00e9 et ne sera pas responsable de l'indisponibilit\u00e9 temporaire du site Web en raison de probl\u00e8mes techniques ind\u00e9pendants de notre volont\u00e9.<\/p><p><strong><span style=\"font-size: x-large;\">Droit d\u2019auteur<\/span><\/strong><br \/>Ce site Web et son contenu sont prot\u00e9g\u00e9s par les droits d'auteur de <span id=\"current-year\"><\/span>LusiTech \u00a9<\/p><p><script>\n  document.getElementById('current-year').textContent = new Date().getFullYear();\n<\/script><\/p><p>Tous droits r\u00e9serv\u00e9s. Toute redistribution ou reproduction d'une partie ou de la totalit\u00e9 du contenu sous quelque forme que ce soit interdite autre que les suivantes:<\/p><ul><li>Vous pouvez imprimer ou t\u00e9l\u00e9charger sur un disque dur local des extraits pour votre usage personnel et non commercial uniquement<\/li><li>Vous pouvez copier le contenu \u00e0 des tiers individuels pour leur usage personnel, mais uniquement si vous reconnaissez le site Web comme source du mat\u00e9riel.<\/li><li>Vous ne pouvez pas, sauf avec notre autorisation \u00e9crite expresse, distribuer ou exploiter commercialement le contenu. Vous ne pouvez pas non plus la transmettre ou la stocker sur un autre site Web ou une autre forme de syst\u00e8me de recherche \u00e9lectronique.<\/li><\/ul>\t\t\t\t\t\t\t\t<\/div>\n\t\t\t\t<\/div>\n\t\t\t\t\t<\/div>\n\t\t<\/div>\n\t\t\t\t\t<\/div>\n\t\t<\/section>\n\t\t\t\t<\/div>","protected":false},"excerpt":{"rendered":"<p>Terms and Conditions Welcome to our website. If you continue to browse and use this website you are agreeing to comply with and be bound by the following terms and conditions of use, which together with our privacy policy govern LusiTech&#8217;s relationship with you in relation to this website. The term &#8220;LusiTech&#8221; or &#8220;us&#8221; or [&hellip;]<\/p>\n","protected":false},"author":1,"featured_media":0,"parent":0,"menu_order":0,"comment_status":"closed","ping_status":"closed","template":"","meta":{"site-sidebar-layout":"no-sidebar","site-content-layout":"page-builder","ast-site-content-layout":"default","site-content-style":"default","site-sidebar-style":"default","ast-global-header-display":"","ast-banner-title-visibility":"","ast-main-header-display":"","ast-hfb-above-header-display":"","ast-hfb-below-header-display":"","ast-hfb-mobile-header-display":"","site-post-title":"disabled","ast-breadcrumbs-content":"","ast-featured-img":"disabled","footer-sml-layout":"","ast-disable-related-posts":"","theme-transparent-header-meta":"default","adv-header-id-meta":"","stick-header-meta":"","header-above-stick-meta":"","header-main-stick-meta":"","header-below-stick-meta":"","astra-migrate-meta-layouts":"default","ast-page-background-enabled":"default","ast-page-background-meta":{"desktop":{"background-color":"","background-image":"","background-repeat":"repeat","background-position":"center center","background-size":"auto","background-attachment":"scroll","background-type":"","background-media":"","overlay-type":"","overlay-color":"","overlay-opacity":"","overlay-gradient":""},"tablet":{"background-color":"","background-image":"","background-repeat":"repeat","background-position":"center center","background-size":"auto","background-attachment":"scroll","background-type":"","background-media":"","overlay-type":"","overlay-color":"","overlay-opacity":"","overlay-gradient":""},"mobile":{"background-color":"","background-image":"","background-repeat":"repeat","background-position":"center center","background-size":"auto","background-attachment":"scroll","background-type":"","background-media":"","overlay-type":"","overlay-color":"","overlay-opacity":"","overlay-gradient":""}},"ast-content-background-meta":{"desktop":{"background-color":"var(--ast-global-color-5)","background-image":"","background-repeat":"repeat","background-position":"center center","background-size":"auto","background-attachment":"scroll","background-type":"","background-media":"","overlay-type":"","overlay-color":"","overlay-opacity":"","overlay-gradient":""},"tablet":{"background-color":"var(--ast-global-color-5)","background-image":"","background-repeat":"repeat","background-position":"center center","background-size":"auto","background-attachment":"scroll","background-type":"","background-media":"","overlay-type":"","overlay-color":"","overlay-opacity":"","overlay-gradient":""},"mobile":{"background-color":"var(--ast-global-color-5)","background-image":"","background-repeat":"repeat","background-position":"center center","background-size":"auto","background-attachment":"scroll","background-type":"","background-media":"","overlay-type":"","overlay-color":"","overlay-opacity":"","overlay-gradient":""}},"footnotes":""},"class_list":["post-97","page","type-page","status-publish","hentry"],"_links":{"self":[{"href":"https:\/\/lusitech.com\/fr\/wp-json\/wp\/v2\/pages\/97","targetHints":{"allow":["GET"]}}],"collection":[{"href":"https:\/\/lusitech.com\/fr\/wp-json\/wp\/v2\/pages"}],"about":[{"href":"https:\/\/lusitech.com\/fr\/wp-json\/wp\/v2\/types\/page"}],"author":[{"embeddable":true,"href":"https:\/\/lusitech.com\/fr\/wp-json\/wp\/v2\/users\/1"}],"replies":[{"embeddable":true,"href":"https:\/\/lusitech.com\/fr\/wp-json\/wp\/v2\/comments?post=97"}],"version-history":[{"count":6,"href":"https:\/\/lusitech.com\/fr\/wp-json\/wp\/v2\/pages\/97\/revisions"}],"predecessor-version":[{"id":1369,"href":"https:\/\/lusitech.com\/fr\/wp-json\/wp\/v2\/pages\/97\/revisions\/1369"}],"wp:attachment":[{"href":"https:\/\/lusitech.com\/fr\/wp-json\/wp\/v2\/media?parent=97"}],"curies":[{"name":"wp","href":"https:\/\/api.w.org\/{rel}","templated":true}]}}