{"id":100,"date":"2020-09-27T11:44:06","date_gmt":"2020-09-27T11:44:06","guid":{"rendered":"http:\/\/localhost:8081\/?page_id=100"},"modified":"2020-10-01T22:52:40","modified_gmt":"2020-10-01T22:52:40","slug":"privacy-policy","status":"publish","type":"page","link":"https:\/\/lusitech.com\/pt\/privacy-policy","title":{"rendered":"Privacy Policy\u200b"},"content":{"rendered":"<div data-elementor-type=\"wp-page\" data-elementor-id=\"100\" class=\"elementor elementor-100\" data-elementor-post-type=\"page\">\n\t\t\t\t\t\t<section class=\"elementor-section elementor-top-section elementor-element elementor-element-7030bf1 elementor-section-boxed elementor-section-height-default elementor-section-height-default\" data-id=\"7030bf1\" data-element_type=\"section\" data-e-type=\"section\" data-settings=\"{&quot;background_background&quot;:&quot;classic&quot;}\">\n\t\t\t\t\t\t<div class=\"elementor-container elementor-column-gap-default\">\n\t\t\t\t\t<div class=\"elementor-column elementor-col-100 elementor-top-column elementor-element elementor-element-7b80d5c\" data-id=\"7b80d5c\" data-element_type=\"column\" data-e-type=\"column\">\n\t\t\t<div class=\"elementor-widget-wrap elementor-element-populated\">\n\t\t\t\t\t\t<div class=\"elementor-element elementor-element-574fa40 elementor-widget elementor-widget-heading\" data-id=\"574fa40\" data-element_type=\"widget\" data-e-type=\"widget\" data-widget_type=\"heading.default\">\n\t\t\t\t<div class=\"elementor-widget-container\">\n\t\t\t\t\t<h1 class=\"elementor-heading-title elementor-size-default\">Pol\u00edtica de Privacidade<\/h1>\t\t\t\t<\/div>\n\t\t\t\t<\/div>\n\t\t\t\t<div class=\"elementor-element elementor-element-4616e8a elementor-widget elementor-widget-text-editor\" data-id=\"4616e8a\" data-element_type=\"widget\" data-e-type=\"widget\" data-widget_type=\"text-editor.default\">\n\t\t\t\t<div class=\"elementor-widget-container\">\n\t\t\t\t\t\t\t\t\t<p>\u200bEsta pol\u00edtica de privacidade define como a LusiTech usa e protege todas as informa\u00e7\u00f5es que voc\u00ea fornece \u00e0 LusiTech ao usar este site. A LusiTech est\u00e1 comprometida em garantir que sua privacidade seja protegida. Se pedirmos que voc\u00ea forne\u00e7a determinadas informa\u00e7\u00f5es pelas quais voc\u00ea pode ser identificado ao usar este site, pode ter certeza de que elas ser\u00e3o usadas apenas de acordo com esta declara\u00e7\u00e3o de privacidade.<\/p><p>Tamb\u00e9m usamos as informa\u00e7\u00f5es da sua visita para nos ajudar a analisar dados sobre o tr\u00e1fego de p\u00e1ginas da web e melhorar nosso site para adapt\u00e1-lo \u00e0s prefer\u00eancias de navega\u00e7\u00e3o. Utilizamos essas informa\u00e7\u00f5es apenas para fins de an\u00e1lise estat\u00edstica e os dados s\u00e3o coletados em um formato n\u00e3o identific\u00e1vel.<\/p><p>N\u00e3o divulgamos suas informa\u00e7\u00f5es a terceiros, exceto a \u00f3rg\u00e3os governamentais e ag\u00eancias de aplica\u00e7\u00e3o da lei para fins de aplica\u00e7\u00e3o.<\/p><p>\u200bTemos o compromisso de garantir que suas informa\u00e7\u00f5es estejam seguras. Para impedir o acesso n\u00e3o autorizado ou a divulga\u00e7\u00e3o, adotamos procedimentos f\u00edsicos, eletr\u00f4nicos e gerenciais adequados para proteger e proteger as informa\u00e7\u00f5es coletadas on-line.<\/p>\t\t\t\t\t\t\t\t<\/div>\n\t\t\t\t<\/div>\n\t\t\t\t\t<\/div>\n\t\t<\/div>\n\t\t\t\t\t<\/div>\n\t\t<\/section>\n\t\t\t\t<\/div>","protected":false},"excerpt":{"rendered":"<p>Privacy Policy This privacy policy sets out how LusiTech uses and protects any information that you give LusiTech when you use this website. LusiTech is committed to ensuring that your privacy is protected. Should we ask you to provide certain information by which you can be identified when using this website, then you can be [&hellip;]<\/p>\n","protected":false},"author":1,"featured_media":0,"parent":0,"menu_order":0,"comment_status":"closed","ping_status":"closed","template":"","meta":{"site-sidebar-layout":"no-sidebar","site-content-layout":"page-builder","ast-site-content-layout":"default","site-content-style":"default","site-sidebar-style":"default","ast-global-header-display":"","ast-banner-title-visibility":"","ast-main-header-display":"","ast-hfb-above-header-display":"","ast-hfb-below-header-display":"","ast-hfb-mobile-header-display":"","site-post-title":"disabled","ast-breadcrumbs-content":"","ast-featured-img":"disabled","footer-sml-layout":"","ast-disable-related-posts":"","theme-transparent-header-meta":"default","adv-header-id-meta":"","stick-header-meta":"","header-above-stick-meta":"","header-main-stick-meta":"","header-below-stick-meta":"","astra-migrate-meta-layouts":"default","ast-page-background-enabled":"default","ast-page-background-meta":{"desktop":{"background-color":"","background-image":"","background-repeat":"repeat","background-position":"center center","background-size":"auto","background-attachment":"scroll","background-type":"","background-media":"","overlay-type":"","overlay-color":"","overlay-opacity":"","overlay-gradient":""},"tablet":{"background-color":"","background-image":"","background-repeat":"repeat","background-position":"center center","background-size":"auto","background-attachment":"scroll","background-type":"","background-media":"","overlay-type":"","overlay-color":"","overlay-opacity":"","overlay-gradient":""},"mobile":{"background-color":"","background-image":"","background-repeat":"repeat","background-position":"center center","background-size":"auto","background-attachment":"scroll","background-type":"","background-media":"","overlay-type":"","overlay-color":"","overlay-opacity":"","overlay-gradient":""}},"ast-content-background-meta":{"desktop":{"background-color":"var(--ast-global-color-5)","background-image":"","background-repeat":"repeat","background-position":"center center","background-size":"auto","background-attachment":"scroll","background-type":"","background-media":"","overlay-type":"","overlay-color":"","overlay-opacity":"","overlay-gradient":""},"tablet":{"background-color":"var(--ast-global-color-5)","background-image":"","background-repeat":"repeat","background-position":"center center","background-size":"auto","background-attachment":"scroll","background-type":"","background-media":"","overlay-type":"","overlay-color":"","overlay-opacity":"","overlay-gradient":""},"mobile":{"background-color":"var(--ast-global-color-5)","background-image":"","background-repeat":"repeat","background-position":"center center","background-size":"auto","background-attachment":"scroll","background-type":"","background-media":"","overlay-type":"","overlay-color":"","overlay-opacity":"","overlay-gradient":""}},"footnotes":""},"class_list":["post-100","page","type-page","status-publish","hentry"],"_links":{"self":[{"href":"https:\/\/lusitech.com\/pt\/wp-json\/wp\/v2\/pages\/100","targetHints":{"allow":["GET"]}}],"collection":[{"href":"https:\/\/lusitech.com\/pt\/wp-json\/wp\/v2\/pages"}],"about":[{"href":"https:\/\/lusitech.com\/pt\/wp-json\/wp\/v2\/types\/page"}],"author":[{"embeddable":true,"href":"https:\/\/lusitech.com\/pt\/wp-json\/wp\/v2\/users\/1"}],"replies":[{"embeddable":true,"href":"https:\/\/lusitech.com\/pt\/wp-json\/wp\/v2\/comments?post=100"}],"version-history":[{"count":0,"href":"https:\/\/lusitech.com\/pt\/wp-json\/wp\/v2\/pages\/100\/revisions"}],"wp:attachment":[{"href":"https:\/\/lusitech.com\/pt\/wp-json\/wp\/v2\/media?parent=100"}],"curies":[{"name":"wp","href":"https:\/\/api.w.org\/{rel}","templated":true}]}}