{"id":31,"date":"2020-09-25T13:11:35","date_gmt":"2020-09-25T13:11:35","guid":{"rendered":"http:\/\/localhost:8081\/?page_id=31"},"modified":"2026-02-23T23:12:09","modified_gmt":"2026-02-23T23:12:09","slug":"consulting","status":"publish","type":"page","link":"https:\/\/lusitech.com\/pt\/consulting","title":{"rendered":"SQL Server Consultancy"},"content":{"rendered":"<div data-elementor-type=\"wp-page\" data-elementor-id=\"31\" class=\"elementor elementor-31\" data-elementor-post-type=\"page\">\n\t\t\t\t\t\t<section class=\"elementor-section elementor-top-section elementor-element elementor-element-3065f13 elementor-section-boxed elementor-section-height-default elementor-section-height-default\" data-id=\"3065f13\" data-element_type=\"section\" data-e-type=\"section\" data-settings=\"{&quot;background_background&quot;:&quot;classic&quot;}\">\n\t\t\t\t\t\t<div class=\"elementor-container elementor-column-gap-default\">\n\t\t\t\t\t<div class=\"elementor-column elementor-col-100 elementor-top-column elementor-element elementor-element-37211d2 elementor-invisible\" data-id=\"37211d2\" data-element_type=\"column\" data-e-type=\"column\" data-settings=\"{&quot;animation&quot;:&quot;fadeIn&quot;}\">\n\t\t\t<div class=\"elementor-widget-wrap elementor-element-populated\">\n\t\t\t\t\t\t<section class=\"elementor-section elementor-inner-section elementor-element elementor-element-bec4620 elementor-section-content-middle elementor-section-boxed elementor-section-height-default elementor-section-height-default elementor-invisible\" data-id=\"bec4620\" data-element_type=\"section\" data-e-type=\"section\" data-settings=\"{&quot;animation&quot;:&quot;fadeIn&quot;}\">\n\t\t\t\t\t\t<div class=\"elementor-container elementor-column-gap-no\">\n\t\t\t\t\t<div class=\"elementor-column elementor-col-50 elementor-inner-column elementor-element elementor-element-ec1dce2\" data-id=\"ec1dce2\" data-element_type=\"column\" data-e-type=\"column\">\n\t\t\t<div class=\"elementor-widget-wrap elementor-element-populated\">\n\t\t\t\t\t\t<div class=\"elementor-element elementor-element-69f2610 elementor-widget elementor-widget-image\" data-id=\"69f2610\" data-element_type=\"widget\" data-e-type=\"widget\" data-widget_type=\"image.default\">\n\t\t\t\t<div class=\"elementor-widget-container\">\n\t\t\t\t\t\t\t\t\t\t\t\t\t\t\t<img fetchpriority=\"high\" decoding=\"async\" width=\"1024\" height=\"743\" src=\"\/wp-content\/uploads\/2020\/10\/base-de-dados-interligados-1-1024x743.png\" class=\"attachment-large size-large wp-image-249\" alt=\"\" srcset=\"\/wp-content\/uploads\/2020\/10\/base-de-dados-interligados-1-1024x743.png 1024w, \/wp-content\/uploads\/2020\/10\/base-de-dados-interligados-1-300x218.png 300w, \/wp-content\/uploads\/2020\/10\/base-de-dados-interligados-1-768x557.png 768w, \/wp-content\/uploads\/2020\/10\/base-de-dados-interligados-1.png 1278w\" sizes=\"(max-width: 1024px) 100vw, 1024px\" \/>\t\t\t\t\t\t\t\t\t\t\t\t\t\t\t<\/div>\n\t\t\t\t<\/div>\n\t\t\t\t\t<\/div>\n\t\t<\/div>\n\t\t\t\t<div class=\"elementor-column elementor-col-50 elementor-inner-column elementor-element elementor-element-aa21646\" data-id=\"aa21646\" data-element_type=\"column\" data-e-type=\"column\">\n\t\t\t<div class=\"elementor-widget-wrap elementor-element-populated\">\n\t\t\t\t\t\t<div class=\"elementor-element elementor-element-104d52b elementor-widget elementor-widget-heading\" data-id=\"104d52b\" data-element_type=\"widget\" data-e-type=\"widget\" data-widget_type=\"heading.default\">\n\t\t\t\t<div class=\"elementor-widget-container\">\n\t\t\t\t\t<h1 class=\"elementor-heading-title elementor-size-default\">SQL Server<\/h1>\t\t\t\t<\/div>\n\t\t\t\t<\/div>\n\t\t\t\t\t<\/div>\n\t\t<\/div>\n\t\t\t\t\t<\/div>\n\t\t<\/section>\n\t\t\t\t<div class=\"elementor-element elementor-element-dede638 elementor-widget elementor-widget-text-editor\" data-id=\"dede638\" data-element_type=\"widget\" data-e-type=\"widget\" data-widget_type=\"text-editor.default\">\n\t\t\t\t<div class=\"elementor-widget-container\">\n\t\t\t\t\t\t\t\t\t<div class=\"container\"><div class=\"wsite-section-elements\"><div class=\"paragraph\" data-sr-id=\"3\"><p>Many companies don&#8217;t need a full-time Database Administrator and assign database projects and tasks to internal IT professionals from other areas of expertise, which can cause performance and security problems down the road, and inadequately consuming their time and effort. LusiTechs&#8217; certified SQL Server consultants, with a considerable experience in the European market, are ready to make your databases go faster, safer and more reliable.<\/p><ul><li>Installation &amp; Configuration of SQL Server<\/li><li>SQL Server upgrade\u00a0<\/li><li>Padroniza\u00e7\u00e3o dos seus Servidores SQL Server ou Azure SQL DBs<\/li><li>Performance Tuning<\/li><li>Alta disponibilidade e recupera\u00e7\u00e3o em caso de um incidente grave<\/li><li>Migra\u00e7\u00e3o para a plataforma Microsoft Azure SQL<\/li><li>Integra\u00e7\u00e3o, Elimina\u00e7\u00e3o e Arquivo de Dados<\/li><\/ul><p>Especialmente adaptado \u00e0s equipas e empresas de Desenvolvimento de Software, a LusiTech fornece um servi\u00e7o de consultoria \"<strong>Remote DBA<\/strong>\". Com este servi\u00e7o, a sua equipa ter\u00e1 o melhor apoio de um consultor SQL Server para otimizar a intera\u00e7\u00e3o das suas aplica\u00e7\u00f5es com a camada de dados, melhorando o desempenho e a escalabilidade da sua aplica\u00e7\u00e3o, e dando \u00e0 sua equipa mais tempo para as \u00e1reas de desenvolvimento e suporte.<\/p><p>Uma vez que s\u00f3 intervimos quando necess\u00e1rio, a contrata\u00e7\u00e3o dos servi\u00e7os da LusiTech pode tamb\u00e9m reduzir o custo dos seus projetos, e dar-lhe-\u00e1 um melhor controlo sobre as horas ou dias em que estamos envolvidos no seu projeto.<\/p><\/div><\/div><\/div>\t\t\t\t\t\t\t\t<\/div>\n\t\t\t\t<\/div>\n\t\t\t\t\t<\/div>\n\t\t<\/div>\n\t\t\t\t\t<\/div>\n\t\t<\/section>\n\t\t\t\t<section class=\"elementor-section elementor-top-section elementor-element elementor-element-4355709 elementor-section-boxed elementor-section-height-default elementor-section-height-default\" data-id=\"4355709\" data-element_type=\"section\" data-e-type=\"section\">\n\t\t\t\t\t\t<div class=\"elementor-container elementor-column-gap-no\">\n\t\t\t\t\t<div class=\"elementor-column elementor-col-100 elementor-top-column elementor-element elementor-element-866bb0e elementor-invisible\" data-id=\"866bb0e\" data-element_type=\"column\" data-e-type=\"column\" data-settings=\"{&quot;animation&quot;:&quot;fadeIn&quot;}\">\n\t\t\t<div class=\"elementor-widget-wrap elementor-element-populated\">\n\t\t\t\t\t\t<section class=\"elementor-section elementor-inner-section elementor-element elementor-element-0bbbb8a elementor-section-content-middle elementor-section-boxed elementor-section-height-default elementor-section-height-default elementor-invisible\" data-id=\"0bbbb8a\" data-element_type=\"section\" data-e-type=\"section\" data-settings=\"{&quot;animation&quot;:&quot;fadeIn&quot;}\">\n\t\t\t\t\t\t<div class=\"elementor-container elementor-column-gap-no\">\n\t\t\t\t\t<div class=\"elementor-column elementor-col-50 elementor-inner-column elementor-element elementor-element-1c4c817\" data-id=\"1c4c817\" data-element_type=\"column\" data-e-type=\"column\">\n\t\t\t<div class=\"elementor-widget-wrap elementor-element-populated\">\n\t\t\t\t\t\t<div class=\"elementor-element elementor-element-a648714 elementor-widget elementor-widget-image\" data-id=\"a648714\" data-element_type=\"widget\" data-e-type=\"widget\" data-widget_type=\"image.default\">\n\t\t\t\t<div class=\"elementor-widget-container\">\n\t\t\t\t\t\t\t\t\t\t\t\t\t\t\t<img decoding=\"async\" width=\"1024\" height=\"743\" src=\"\/wp-content\/uploads\/2020\/10\/business-intelligence-1-1024x743.png\" class=\"attachment-large size-large wp-image-246\" alt=\"\" srcset=\"\/wp-content\/uploads\/2020\/10\/business-intelligence-1-1024x743.png 1024w, \/wp-content\/uploads\/2020\/10\/business-intelligence-1-300x218.png 300w, \/wp-content\/uploads\/2020\/10\/business-intelligence-1-768x557.png 768w, \/wp-content\/uploads\/2020\/10\/business-intelligence-1.png 1278w\" sizes=\"(max-width: 1024px) 100vw, 1024px\" \/>\t\t\t\t\t\t\t\t\t\t\t\t\t\t\t<\/div>\n\t\t\t\t<\/div>\n\t\t\t\t\t<\/div>\n\t\t<\/div>\n\t\t\t\t<div class=\"elementor-column elementor-col-50 elementor-inner-column elementor-element elementor-element-493e7c8\" data-id=\"493e7c8\" data-element_type=\"column\" data-e-type=\"column\">\n\t\t\t<div class=\"elementor-widget-wrap elementor-element-populated\">\n\t\t\t\t\t\t<div class=\"elementor-element elementor-element-c480037 elementor-widget elementor-widget-heading\" data-id=\"c480037\" data-element_type=\"widget\" data-e-type=\"widget\" data-widget_type=\"heading.default\">\n\t\t\t\t<div class=\"elementor-widget-container\">\n\t\t\t\t\t<h1 class=\"elementor-heading-title elementor-size-default\">Business Intelligence<\/h1>\t\t\t\t<\/div>\n\t\t\t\t<\/div>\n\t\t\t\t\t<\/div>\n\t\t<\/div>\n\t\t\t\t\t<\/div>\n\t\t<\/section>\n\t\t\t\t<div class=\"elementor-element elementor-element-34e0867 elementor-widget elementor-widget-text-editor\" data-id=\"34e0867\" data-element_type=\"widget\" data-e-type=\"widget\" data-widget_type=\"text-editor.default\">\n\t\t\t\t<div class=\"elementor-widget-container\">\n\t\t\t\t\t\t\t\t\t<div class=\"container\">\n<div class=\"wsite-section-elements\">\n<div class=\"paragraph\" data-sr-id=\"3\">\n<p>No mundo competitivo e din\u00e2mico em que vivemos, \u00e9 importante estar sempre um passo \u00e0 frente da concorr\u00eancia. E, mais do que nunca, a forma como analisamos os dados que armazenamos \u00e9 essencial para tomar as melhores decis\u00f5es e para distinguir as nossas empresas dentro da nossa \u00e1rea de neg\u00f3cio.<\/p>\n<p><span style=\"font-size: 18px; color: var( --e-global-color-text );\">As ferramentas de Business Intelligence s\u00e3o fornecidas para mostrar essas informa\u00e7\u00f5es de diferentes pontos de vista, para as diferentes \u00e1reas da empresa. A maneira como as informa\u00e7\u00f5es s\u00e3o disponibilizadas para usu\u00e1rios e tomadores de decis\u00e3o n\u00e3o pode ser generalizada - ela precisa ser adaptada aos seus neg\u00f3cios.&nbsp;<\/span><span style=\"font-size: 18px; color: var( --e-global-color-text );\">A LusiTech tem consultores de Business Intelligence experientes e certificados para ajudar a conceber a melhor ferramenta de BI que melhor se adapte ao seu neg\u00f3cio.&nbsp;<\/span><\/p>\n<p><span style=\"font-size: 18px; color: var( --e-global-color-text );\">Os projetos de Business Intelligence podem ser demorados e dispendiosos. Como tal, \u00e9 importante que os nossos consultores estejam totalmente envolvidos durante todas as fases do projeto, para que a informa\u00e7\u00e3o produzida seja exatamente o que se pretende.<br><\/span><span style=\"font-size: 18px; color: var( --e-global-color-text );\">Os nossos projetos de BI t\u00eam as seguintes fases:<\/span><\/p>\n<ul>\n<li>Avalia\u00e7\u00e3o inicial dos requisitos<\/li>\n<li>Etapas de implementa\u00e7\u00e3o e sign-off<\/li>\n<li>Desenvolvimento do DataWarehouse<\/li>\n<li>Elabora\u00e7\u00e3o de relat\u00f3rios<\/li>\n<li>Subscri\u00e7\u00e3o de relat\u00f3rios e entrega autom\u00e1tica<\/li>\n<li>Reavalia\u00e7\u00e3o constante do valor gerado pela informa\u00e7\u00e3o fornecida<\/li>\n<\/ul>\n<p>A atualiza\u00e7\u00e3o di\u00e1ria do DataWarehouse deve ser acompanhada de perto para detetar eventuais problemas com a informa\u00e7\u00e3o processada, e para assegurar a disponibilidade do servi\u00e7o e a qualidade dos dados dispon\u00edveis para os utilizadores finais.<br>A LusiTech oferece um servi\u00e7o de monitoriza\u00e7\u00e3o 24\/7 para o seu DataWarehouse. Clique <a href=\"https:\/\/lusitech-web-live.azurewebsites.net\/maintenance\">aqui<\/a> para mais informa\u00e7\u00f5es.<\/p>\n<\/div>\n<\/div>\n<\/div>\t\t\t\t\t\t\t\t<\/div>\n\t\t\t\t<\/div>\n\t\t\t\t\t<\/div>\n\t\t<\/div>\n\t\t\t\t\t<\/div>\n\t\t<\/section>\n\t\t\t\t<section class=\"elementor-section elementor-top-section elementor-element elementor-element-778aecc elementor-section-boxed elementor-section-height-default elementor-section-height-default\" data-id=\"778aecc\" data-element_type=\"section\" data-e-type=\"section\" data-settings=\"{&quot;background_background&quot;:&quot;classic&quot;}\">\n\t\t\t\t\t\t<div class=\"elementor-container elementor-column-gap-default\">\n\t\t\t\t\t<div class=\"elementor-column elementor-col-100 elementor-top-column elementor-element elementor-element-32121c2 elementor-invisible\" data-id=\"32121c2\" data-element_type=\"column\" data-e-type=\"column\" data-settings=\"{&quot;animation&quot;:&quot;fadeIn&quot;}\">\n\t\t\t<div class=\"elementor-widget-wrap elementor-element-populated\">\n\t\t\t\t\t\t<section class=\"elementor-section elementor-inner-section elementor-element elementor-element-1b6af2c elementor-section-content-middle elementor-section-boxed elementor-section-height-default elementor-section-height-default elementor-invisible\" data-id=\"1b6af2c\" data-element_type=\"section\" data-e-type=\"section\" data-settings=\"{&quot;animation&quot;:&quot;fadeIn&quot;}\">\n\t\t\t\t\t\t<div class=\"elementor-container elementor-column-gap-no\">\n\t\t\t\t\t<div class=\"elementor-column elementor-col-50 elementor-inner-column elementor-element elementor-element-11ec488\" data-id=\"11ec488\" data-element_type=\"column\" data-e-type=\"column\">\n\t\t\t<div class=\"elementor-widget-wrap elementor-element-populated\">\n\t\t\t\t\t\t<div class=\"elementor-element elementor-element-572264f elementor-widget elementor-widget-image\" data-id=\"572264f\" data-element_type=\"widget\" data-e-type=\"widget\" data-widget_type=\"image.default\">\n\t\t\t\t<div class=\"elementor-widget-container\">\n\t\t\t\t\t\t\t\t\t\t\t\t\t\t\t<img decoding=\"async\" width=\"800\" height=\"550\" src=\"\/wp-content\/uploads\/2020\/10\/cloud2.png\" class=\"attachment-large size-large wp-image-255\" alt=\"\" srcset=\"\/wp-content\/uploads\/2020\/10\/cloud2.png 800w, \/wp-content\/uploads\/2020\/10\/cloud2-300x206.png 300w, \/wp-content\/uploads\/2020\/10\/cloud2-768x528.png 768w\" sizes=\"(max-width: 800px) 100vw, 800px\" \/>\t\t\t\t\t\t\t\t\t\t\t\t\t\t\t<\/div>\n\t\t\t\t<\/div>\n\t\t\t\t\t<\/div>\n\t\t<\/div>\n\t\t\t\t<div class=\"elementor-column elementor-col-50 elementor-inner-column elementor-element elementor-element-fa4924d\" data-id=\"fa4924d\" data-element_type=\"column\" data-e-type=\"column\">\n\t\t\t<div class=\"elementor-widget-wrap elementor-element-populated\">\n\t\t\t\t\t\t<div class=\"elementor-element elementor-element-2508458 elementor-widget elementor-widget-heading\" data-id=\"2508458\" data-element_type=\"widget\" data-e-type=\"widget\" data-widget_type=\"heading.default\">\n\t\t\t\t<div class=\"elementor-widget-container\">\n\t\t\t\t\t<h1 class=\"elementor-heading-title elementor-size-default\">Infraestrutura<\/h1>\t\t\t\t<\/div>\n\t\t\t\t<\/div>\n\t\t\t\t\t<\/div>\n\t\t<\/div>\n\t\t\t\t\t<\/div>\n\t\t<\/section>\n\t\t\t\t<div class=\"elementor-element elementor-element-964cfbe elementor-widget elementor-widget-text-editor\" data-id=\"964cfbe\" data-element_type=\"widget\" data-e-type=\"widget\" data-widget_type=\"text-editor.default\">\n\t\t\t\t<div class=\"elementor-widget-container\">\n\t\t\t\t\t\t\t\t\t<p>Especialmente adaptado para pequenas e m\u00e9dias empresas que n\u00e3o necessitam de pessoal permanente de IT, a LusiTech oferece um servi\u00e7o de consultoria de Infraestruturas, tanto nas suas instala\u00e7\u00f5es como na nuvem (cloud), para manter o seu neg\u00f3cio \u00e0 frente da concorr\u00eancia.<br \/>\u00a0<br \/>Numa fase inicial, a nossa equipa de consultores avaliar\u00e1 as suas necessidades atuais de IT e os seus planos de crescimento a m\u00e9dio\/longo prazo. A partir da\u00ed, construiremos um plano de infraestrutura adequado \u00e0s necessidades das suas empresas, para tirar o m\u00e1ximo partido das tecnologias de informa\u00e7\u00e3o, poupando tempo e recursos com processos manuais e repetitivos.<br \/><br \/><\/p><ul><li>Instala\u00e7\u00e3o e Configura\u00e7\u00e3o de Servidores<\/li><li>Gest\u00e3o da rede e das camadas de armazenamento<\/li><li>Virtualiza\u00e7\u00e3o usando Microsoft Hyper-V ou VmWare<\/li><li>Ado\u00e7\u00e3o da nuvem (cloud)<\/li><li>Automatiza\u00e7\u00e3o de processos manuais e repetitivos<\/li><li>Seguran\u00e7a da Informa\u00e7\u00e3o<\/li><\/ul>\t\t\t\t\t\t\t\t<\/div>\n\t\t\t\t<\/div>\n\t\t\t\t\t<\/div>\n\t\t<\/div>\n\t\t\t\t\t<\/div>\n\t\t<\/section>\n\t\t\t\t<\/div>","protected":false},"excerpt":{"rendered":"<p>SQL Server Many companies don&#8217;t need a full-time Database Administrator and assign database projects and tasks to internal IT professionals from other areas of expertise, which can cause performance and security problems down the road, and inadequately consuming their time and effort. LusiTechs&#8217; certified SQL Server consultants, with a considerable experience in the European market, [&hellip;]<\/p>\n","protected":false},"author":1,"featured_media":0,"parent":0,"menu_order":0,"comment_status":"closed","ping_status":"closed","template":"","meta":{"site-sidebar-layout":"no-sidebar","site-content-layout":"page-builder","ast-site-content-layout":"default","site-content-style":"default","site-sidebar-style":"default","ast-global-header-display":"","ast-banner-title-visibility":"","ast-main-header-display":"","ast-hfb-above-header-display":"","ast-hfb-below-header-display":"","ast-hfb-mobile-header-display":"","site-post-title":"disabled","ast-breadcrumbs-content":"","ast-featured-img":"disabled","footer-sml-layout":"","ast-disable-related-posts":"","theme-transparent-header-meta":"default","adv-header-id-meta":"","stick-header-meta":"","header-above-stick-meta":"","header-main-stick-meta":"","header-below-stick-meta":"","astra-migrate-meta-layouts":"default","ast-page-background-enabled":"default","ast-page-background-meta":{"desktop":{"background-color":"","background-image":"","background-repeat":"repeat","background-position":"center center","background-size":"auto","background-attachment":"scroll","background-type":"","background-media":"","overlay-type":"","overlay-color":"","overlay-opacity":"","overlay-gradient":""},"tablet":{"background-color":"","background-image":"","background-repeat":"repeat","background-position":"center center","background-size":"auto","background-attachment":"scroll","background-type":"","background-media":"","overlay-type":"","overlay-color":"","overlay-opacity":"","overlay-gradient":""},"mobile":{"background-color":"","background-image":"","background-repeat":"repeat","background-position":"center center","background-size":"auto","background-attachment":"scroll","background-type":"","background-media":"","overlay-type":"","overlay-color":"","overlay-opacity":"","overlay-gradient":""}},"ast-content-background-meta":{"desktop":{"background-color":"var(--ast-global-color-5)","background-image":"","background-repeat":"repeat","background-position":"center center","background-size":"auto","background-attachment":"scroll","background-type":"","background-media":"","overlay-type":"","overlay-color":"","overlay-opacity":"","overlay-gradient":""},"tablet":{"background-color":"var(--ast-global-color-5)","background-image":"","background-repeat":"repeat","background-position":"center center","background-size":"auto","background-attachment":"scroll","background-type":"","background-media":"","overlay-type":"","overlay-color":"","overlay-opacity":"","overlay-gradient":""},"mobile":{"background-color":"var(--ast-global-color-5)","background-image":"","background-repeat":"repeat","background-position":"center center","background-size":"auto","background-attachment":"scroll","background-type":"","background-media":"","overlay-type":"","overlay-color":"","overlay-opacity":"","overlay-gradient":""}},"footnotes":""},"class_list":["post-31","page","type-page","status-publish","hentry"],"_links":{"self":[{"href":"https:\/\/lusitech.com\/pt\/wp-json\/wp\/v2\/pages\/31","targetHints":{"allow":["GET"]}}],"collection":[{"href":"https:\/\/lusitech.com\/pt\/wp-json\/wp\/v2\/pages"}],"about":[{"href":"https:\/\/lusitech.com\/pt\/wp-json\/wp\/v2\/types\/page"}],"author":[{"embeddable":true,"href":"https:\/\/lusitech.com\/pt\/wp-json\/wp\/v2\/users\/1"}],"replies":[{"embeddable":true,"href":"https:\/\/lusitech.com\/pt\/wp-json\/wp\/v2\/comments?post=31"}],"version-history":[{"count":14,"href":"https:\/\/lusitech.com\/pt\/wp-json\/wp\/v2\/pages\/31\/revisions"}],"predecessor-version":[{"id":1379,"href":"https:\/\/lusitech.com\/pt\/wp-json\/wp\/v2\/pages\/31\/revisions\/1379"}],"wp:attachment":[{"href":"https:\/\/lusitech.com\/pt\/wp-json\/wp\/v2\/media?parent=31"}],"curies":[{"name":"wp","href":"https:\/\/api.w.org\/{rel}","templated":true}]}}