{"id":48,"date":"2020-09-25T16:32:00","date_gmt":"2020-09-25T16:32:00","guid":{"rendered":"http:\/\/localhost:8081\/?page_id=48"},"modified":"2021-04-21T13:42:08","modified_gmt":"2021-04-21T13:42:08","slug":"maintenance","status":"publish","type":"page","link":"https:\/\/lusitech.com\/pt\/maintenance","title":{"rendered":"SQL Server Maintenance"},"content":{"rendered":"<div data-elementor-type=\"wp-page\" data-elementor-id=\"48\" class=\"elementor elementor-48\" data-elementor-post-type=\"page\">\n\t\t\t\t\t\t<section class=\"elementor-section elementor-top-section elementor-element elementor-element-a51d04d elementor-section-boxed elementor-section-height-default elementor-section-height-default\" data-id=\"a51d04d\" data-element_type=\"section\" data-e-type=\"section\" data-settings=\"{&quot;background_background&quot;:&quot;classic&quot;}\">\n\t\t\t\t\t\t<div class=\"elementor-container elementor-column-gap-default\">\n\t\t\t\t\t<div class=\"elementor-column elementor-col-100 elementor-top-column elementor-element elementor-element-524af26\" data-id=\"524af26\" data-element_type=\"column\" data-e-type=\"column\">\n\t\t\t<div class=\"elementor-widget-wrap elementor-element-populated\">\n\t\t\t\t\t\t<section class=\"elementor-section elementor-inner-section elementor-element elementor-element-c43a3dd elementor-section-content-middle elementor-section-boxed elementor-section-height-default elementor-section-height-default\" data-id=\"c43a3dd\" data-element_type=\"section\" data-e-type=\"section\">\n\t\t\t\t\t\t<div class=\"elementor-container elementor-column-gap-no\">\n\t\t\t\t\t<div class=\"elementor-column elementor-col-50 elementor-inner-column elementor-element elementor-element-b63cbdc\" data-id=\"b63cbdc\" data-element_type=\"column\" data-e-type=\"column\">\n\t\t\t<div class=\"elementor-widget-wrap elementor-element-populated\">\n\t\t\t\t\t\t<div class=\"elementor-element elementor-element-00e7fc9 elementor-widget elementor-widget-image\" data-id=\"00e7fc9\" data-element_type=\"widget\" data-e-type=\"widget\" data-widget_type=\"image.default\">\n\t\t\t\t<div class=\"elementor-widget-container\">\n\t\t\t\t\t\t\t\t\t\t\t\t\t\t\t<img fetchpriority=\"high\" decoding=\"async\" width=\"1278\" height=\"927\" src=\"\/wp-content\/uploads\/2020\/10\/base-de-dados.png\" class=\"attachment-full size-full wp-image-250\" alt=\"\" srcset=\"\/wp-content\/uploads\/2020\/10\/base-de-dados.png 1278w, \/wp-content\/uploads\/2020\/10\/base-de-dados-300x218.png 300w, \/wp-content\/uploads\/2020\/10\/base-de-dados-1024x743.png 1024w, \/wp-content\/uploads\/2020\/10\/base-de-dados-768x557.png 768w\" sizes=\"(max-width: 1278px) 100vw, 1278px\" \/>\t\t\t\t\t\t\t\t\t\t\t\t\t\t\t<\/div>\n\t\t\t\t<\/div>\n\t\t\t\t\t<\/div>\n\t\t<\/div>\n\t\t\t\t<div class=\"elementor-column elementor-col-50 elementor-inner-column elementor-element elementor-element-6e8b9fc\" data-id=\"6e8b9fc\" data-element_type=\"column\" data-e-type=\"column\">\n\t\t\t<div class=\"elementor-widget-wrap elementor-element-populated\">\n\t\t\t\t\t\t<div class=\"elementor-element elementor-element-1f4e92a elementor-widget elementor-widget-heading\" data-id=\"1f4e92a\" data-element_type=\"widget\" data-e-type=\"widget\" data-widget_type=\"heading.default\">\n\t\t\t\t<div class=\"elementor-widget-container\">\n\t\t\t\t\t<h1 class=\"elementor-heading-title elementor-size-default\">SQL Server<\/h1>\t\t\t\t<\/div>\n\t\t\t\t<\/div>\n\t\t\t\t\t<\/div>\n\t\t<\/div>\n\t\t\t\t\t<\/div>\n\t\t<\/section>\n\t\t\t\t<div class=\"elementor-element elementor-element-8a305f9 elementor-widget elementor-widget-text-editor\" data-id=\"8a305f9\" data-element_type=\"widget\" data-e-type=\"widget\" data-widget_type=\"text-editor.default\">\n\t\t\t\t<div class=\"elementor-widget-container\">\n\t\t\t\t\t\t\t\t\t<p>Muitas empresas n\u00e3o precisam de um Administrador de Bases de Dados a tempo inteiro, e por isso essas bases de dados n\u00e3o ter\u00e3o a manuten\u00e7\u00e3o profissional necess\u00e1ria para desempenhar a sua fun\u00e7\u00e3o da forma mais eficiente poss\u00edvel.<\/p><p>\u00c9 a\u00ed que a LusiTech pode ajudar. Ap\u00f3s uma interven\u00e7\u00e3o inicial para assegurar que as suas bases de dados s\u00e3o t\u00e3o eficientes e seguras quanto poss\u00edvel, criamos um plano de manuten\u00e7\u00e3o para que as suas bases de dados funcionem no seu melhor desempenho.<\/p><p>Isto inclui uma monitoriza\u00e7\u00e3o proativa 24h\/dia para o desempenho e seguran\u00e7a, por forma a sabermos de quaisquer problemas mesmo antes de os utilizadores se aperceberem, ou problemas de integra\u00e7\u00e3o mais graves.<\/p>\t\t\t\t\t\t\t\t<\/div>\n\t\t\t\t<\/div>\n\t\t\t\t\t<\/div>\n\t\t<\/div>\n\t\t\t\t\t<\/div>\n\t\t<\/section>\n\t\t\t\t<section class=\"elementor-section elementor-top-section elementor-element elementor-element-fb05f12 elementor-section-boxed elementor-section-height-default elementor-section-height-default\" data-id=\"fb05f12\" data-element_type=\"section\" data-e-type=\"section\" data-settings=\"{&quot;background_background&quot;:&quot;classic&quot;}\">\n\t\t\t\t\t\t<div class=\"elementor-container elementor-column-gap-default\">\n\t\t\t\t\t<div class=\"elementor-column elementor-col-100 elementor-top-column elementor-element elementor-element-8a7de77\" data-id=\"8a7de77\" data-element_type=\"column\" data-e-type=\"column\">\n\t\t\t<div class=\"elementor-widget-wrap elementor-element-populated\">\n\t\t\t\t\t\t<section class=\"elementor-section elementor-inner-section elementor-element elementor-element-1ff4d4e elementor-section-content-middle elementor-section-boxed elementor-section-height-default elementor-section-height-default\" data-id=\"1ff4d4e\" data-element_type=\"section\" data-e-type=\"section\">\n\t\t\t\t\t\t<div class=\"elementor-container elementor-column-gap-no\">\n\t\t\t\t\t<div class=\"elementor-column elementor-col-50 elementor-inner-column elementor-element elementor-element-1d0e70f\" data-id=\"1d0e70f\" data-element_type=\"column\" data-e-type=\"column\">\n\t\t\t<div class=\"elementor-widget-wrap elementor-element-populated\">\n\t\t\t\t\t\t<div class=\"elementor-element elementor-element-d38ab2d elementor-widget elementor-widget-image\" data-id=\"d38ab2d\" data-element_type=\"widget\" data-e-type=\"widget\" data-widget_type=\"image.default\">\n\t\t\t\t<div class=\"elementor-widget-container\">\n\t\t\t\t\t\t\t\t\t\t\t\t\t\t\t<img decoding=\"async\" width=\"1278\" height=\"927\" src=\"\/wp-content\/uploads\/2020\/10\/business-intelligence-1.png\" class=\"attachment-full size-full wp-image-246\" alt=\"\" srcset=\"\/wp-content\/uploads\/2020\/10\/business-intelligence-1.png 1278w, \/wp-content\/uploads\/2020\/10\/business-intelligence-1-300x218.png 300w, \/wp-content\/uploads\/2020\/10\/business-intelligence-1-1024x743.png 1024w, \/wp-content\/uploads\/2020\/10\/business-intelligence-1-768x557.png 768w\" sizes=\"(max-width: 1278px) 100vw, 1278px\" \/>\t\t\t\t\t\t\t\t\t\t\t\t\t\t\t<\/div>\n\t\t\t\t<\/div>\n\t\t\t\t\t<\/div>\n\t\t<\/div>\n\t\t\t\t<div class=\"elementor-column elementor-col-50 elementor-inner-column elementor-element elementor-element-218662f\" data-id=\"218662f\" data-element_type=\"column\" data-e-type=\"column\">\n\t\t\t<div class=\"elementor-widget-wrap elementor-element-populated\">\n\t\t\t\t\t\t<div class=\"elementor-element elementor-element-1f48b80 elementor-widget elementor-widget-heading\" data-id=\"1f48b80\" data-element_type=\"widget\" data-e-type=\"widget\" data-widget_type=\"heading.default\">\n\t\t\t\t<div class=\"elementor-widget-container\">\n\t\t\t\t\t<h1 class=\"elementor-heading-title elementor-size-default\">Business Intelligence<\/h1>\t\t\t\t<\/div>\n\t\t\t\t<\/div>\n\t\t\t\t\t<\/div>\n\t\t<\/div>\n\t\t\t\t\t<\/div>\n\t\t<\/section>\n\t\t\t\t<div class=\"elementor-element elementor-element-80f437a elementor-widget elementor-widget-text-editor\" data-id=\"80f437a\" data-element_type=\"widget\" data-e-type=\"widget\" data-widget_type=\"text-editor.default\">\n\t\t\t\t<div class=\"elementor-widget-container\">\n\t\t\t\t\t\t\t\t\t<p>Assim que a sua empresa tenha implementado uma solu\u00e7\u00e3o de Business Intelligence, se esta ficar sem manuten\u00e7\u00e3o adequada, poder\u00e3o ocorrer erros com a informa\u00e7\u00e3o processada, comprometendo a disponibilidade do servi\u00e7o e a qualidade da informa\u00e7\u00e3o fornecida aos utilizadores finais.<\/p><p>A LusiTech oferece um servi\u00e7o proativo 24h\/dia para monitorizar o processo de atualiza\u00e7\u00e3o do seu DataWarehouse, que nos permite intervir e resolver problemas fora do hor\u00e1rio laboral, e assim garantir a disponibilidade total do servi\u00e7o.<\/p><p>Uma vez que o seu neg\u00f3cio est\u00e1 em constante evolu\u00e7\u00e3o, as suas necessidades de consumo de informa\u00e7\u00e3o ir\u00e3o mudar e aumentar. Portanto, a LusiTech oferece um servi\u00e7o complementar para criar relat\u00f3rios para a sua plataforma de BI existente, para acomodar a sua nova realidade empresarial.<\/p>\t\t\t\t\t\t\t\t<\/div>\n\t\t\t\t<\/div>\n\t\t\t\t\t<\/div>\n\t\t<\/div>\n\t\t\t\t\t<\/div>\n\t\t<\/section>\n\t\t\t\t<section class=\"elementor-section elementor-top-section elementor-element elementor-element-c707ffc elementor-section-boxed elementor-section-height-default elementor-section-height-default\" data-id=\"c707ffc\" data-element_type=\"section\" data-e-type=\"section\" data-settings=\"{&quot;background_background&quot;:&quot;classic&quot;}\">\n\t\t\t\t\t\t<div class=\"elementor-container elementor-column-gap-default\">\n\t\t\t\t\t<div class=\"elementor-column elementor-col-100 elementor-top-column elementor-element elementor-element-6a36f0a\" data-id=\"6a36f0a\" data-element_type=\"column\" data-e-type=\"column\">\n\t\t\t<div class=\"elementor-widget-wrap elementor-element-populated\">\n\t\t\t\t\t\t<section class=\"elementor-section elementor-inner-section elementor-element elementor-element-08f6ea9 elementor-section-content-middle elementor-section-boxed elementor-section-height-default elementor-section-height-default\" data-id=\"08f6ea9\" data-element_type=\"section\" data-e-type=\"section\">\n\t\t\t\t\t\t<div class=\"elementor-container elementor-column-gap-no\">\n\t\t\t\t\t<div class=\"elementor-column elementor-col-50 elementor-inner-column elementor-element elementor-element-4fdecf1\" data-id=\"4fdecf1\" data-element_type=\"column\" data-e-type=\"column\">\n\t\t\t<div class=\"elementor-widget-wrap elementor-element-populated\">\n\t\t\t\t\t\t<div class=\"elementor-element elementor-element-99b110f elementor-widget elementor-widget-image\" data-id=\"99b110f\" data-element_type=\"widget\" data-e-type=\"widget\" data-widget_type=\"image.default\">\n\t\t\t\t<div class=\"elementor-widget-container\">\n\t\t\t\t\t\t\t\t\t\t\t\t\t\t\t<img decoding=\"async\" width=\"800\" height=\"550\" src=\"\/wp-content\/uploads\/2020\/10\/cloud2.png\" class=\"attachment-full size-full wp-image-255\" alt=\"\" srcset=\"\/wp-content\/uploads\/2020\/10\/cloud2.png 800w, \/wp-content\/uploads\/2020\/10\/cloud2-300x206.png 300w, \/wp-content\/uploads\/2020\/10\/cloud2-768x528.png 768w\" sizes=\"(max-width: 800px) 100vw, 800px\" \/>\t\t\t\t\t\t\t\t\t\t\t\t\t\t\t<\/div>\n\t\t\t\t<\/div>\n\t\t\t\t\t<\/div>\n\t\t<\/div>\n\t\t\t\t<div class=\"elementor-column elementor-col-50 elementor-inner-column elementor-element elementor-element-bdc3d44\" data-id=\"bdc3d44\" data-element_type=\"column\" data-e-type=\"column\">\n\t\t\t<div class=\"elementor-widget-wrap elementor-element-populated\">\n\t\t\t\t\t\t<div class=\"elementor-element elementor-element-a13cf23 elementor-widget elementor-widget-heading\" data-id=\"a13cf23\" data-element_type=\"widget\" data-e-type=\"widget\" data-widget_type=\"heading.default\">\n\t\t\t\t<div class=\"elementor-widget-container\">\n\t\t\t\t\t<h1 class=\"elementor-heading-title elementor-size-default\">Infraestrutura<\/h1>\t\t\t\t<\/div>\n\t\t\t\t<\/div>\n\t\t\t\t\t<\/div>\n\t\t<\/div>\n\t\t\t\t\t<\/div>\n\t\t<\/section>\n\t\t\t\t<div class=\"elementor-element elementor-element-065a143 elementor-widget elementor-widget-text-editor\" data-id=\"065a143\" data-element_type=\"widget\" data-e-type=\"widget\" data-widget_type=\"text-editor.default\">\n\t\t\t\t<div class=\"elementor-widget-container\">\n\t\t\t\t\t\t\t\t\t<div><p>Especialmente pensado para pequenas e m\u00e9dias empresas, onde a contrata\u00e7\u00e3o de pessoal permanente de TI n\u00e3o se justifica, a LusiTech disponibiliza um servi\u00e7o de Manuten\u00e7\u00e3o de Infraestruturas, tanto on-premise como na nuvem, para que o seu neg\u00f3cio n\u00e3o pare.<\/p><p>Ap\u00f3s uma interven\u00e7\u00e3o inicial para garantir que sua infrastrutura de TI seja o mais eficiente e segura poss\u00edvel, nosso servi\u00e7o proativo 24 horas por dia, 7 dias por semana, monitorar\u00e1 e manter\u00e1 sua rede, servidores e rotinas para fornecer o melhor suporte enquanto voc\u00ea impulsiona seus neg\u00f3cios.<\/p><\/div>\t\t\t\t\t\t\t\t<\/div>\n\t\t\t\t<\/div>\n\t\t\t\t\t<\/div>\n\t\t<\/div>\n\t\t\t\t\t<\/div>\n\t\t<\/section>\n\t\t\t\t<\/div>","protected":false},"excerpt":{"rendered":"<p>SQL Server Many companies don&#8217;t need a full-time Database Administrator, and therefore those databases will not have the professional maintenance required to perform at its best efficiency. That&#8217;s where LusiTech can help. After an initial intervention to ensure your databases are as efficient and safe as possible, we&#8217;ll design a maintenance plan to make your [&hellip;]<\/p>\n","protected":false},"author":1,"featured_media":0,"parent":0,"menu_order":0,"comment_status":"closed","ping_status":"closed","template":"","meta":{"site-sidebar-layout":"no-sidebar","site-content-layout":"page-builder","ast-site-content-layout":"default","site-content-style":"default","site-sidebar-style":"default","ast-global-header-display":"","ast-banner-title-visibility":"","ast-main-header-display":"","ast-hfb-above-header-display":"","ast-hfb-below-header-display":"","ast-hfb-mobile-header-display":"","site-post-title":"disabled","ast-breadcrumbs-content":"","ast-featured-img":"disabled","footer-sml-layout":"","ast-disable-related-posts":"","theme-transparent-header-meta":"default","adv-header-id-meta":"","stick-header-meta":"","header-above-stick-meta":"","header-main-stick-meta":"","header-below-stick-meta":"","astra-migrate-meta-layouts":"default","ast-page-background-enabled":"default","ast-page-background-meta":{"desktop":{"background-color":"","background-image":"","background-repeat":"repeat","background-position":"center center","background-size":"auto","background-attachment":"scroll","background-type":"","background-media":"","overlay-type":"","overlay-color":"","overlay-opacity":"","overlay-gradient":""},"tablet":{"background-color":"","background-image":"","background-repeat":"repeat","background-position":"center center","background-size":"auto","background-attachment":"scroll","background-type":"","background-media":"","overlay-type":"","overlay-color":"","overlay-opacity":"","overlay-gradient":""},"mobile":{"background-color":"","background-image":"","background-repeat":"repeat","background-position":"center center","background-size":"auto","background-attachment":"scroll","background-type":"","background-media":"","overlay-type":"","overlay-color":"","overlay-opacity":"","overlay-gradient":""}},"ast-content-background-meta":{"desktop":{"background-color":"var(--ast-global-color-5)","background-image":"","background-repeat":"repeat","background-position":"center center","background-size":"auto","background-attachment":"scroll","background-type":"","background-media":"","overlay-type":"","overlay-color":"","overlay-opacity":"","overlay-gradient":""},"tablet":{"background-color":"var(--ast-global-color-5)","background-image":"","background-repeat":"repeat","background-position":"center center","background-size":"auto","background-attachment":"scroll","background-type":"","background-media":"","overlay-type":"","overlay-color":"","overlay-opacity":"","overlay-gradient":""},"mobile":{"background-color":"var(--ast-global-color-5)","background-image":"","background-repeat":"repeat","background-position":"center center","background-size":"auto","background-attachment":"scroll","background-type":"","background-media":"","overlay-type":"","overlay-color":"","overlay-opacity":"","overlay-gradient":""}},"footnotes":""},"class_list":["post-48","page","type-page","status-publish","hentry"],"_links":{"self":[{"href":"https:\/\/lusitech.com\/pt\/wp-json\/wp\/v2\/pages\/48","targetHints":{"allow":["GET"]}}],"collection":[{"href":"https:\/\/lusitech.com\/pt\/wp-json\/wp\/v2\/pages"}],"about":[{"href":"https:\/\/lusitech.com\/pt\/wp-json\/wp\/v2\/types\/page"}],"author":[{"embeddable":true,"href":"https:\/\/lusitech.com\/pt\/wp-json\/wp\/v2\/users\/1"}],"replies":[{"embeddable":true,"href":"https:\/\/lusitech.com\/pt\/wp-json\/wp\/v2\/comments?post=48"}],"version-history":[{"count":8,"href":"https:\/\/lusitech.com\/pt\/wp-json\/wp\/v2\/pages\/48\/revisions"}],"predecessor-version":[{"id":1343,"href":"https:\/\/lusitech.com\/pt\/wp-json\/wp\/v2\/pages\/48\/revisions\/1343"}],"wp:attachment":[{"href":"https:\/\/lusitech.com\/pt\/wp-json\/wp\/v2\/media?parent=48"}],"curies":[{"name":"wp","href":"https:\/\/api.w.org\/{rel}","templated":true}]}}