{"id":52,"date":"2020-09-25T16:48:52","date_gmt":"2020-09-25T16:48:52","guid":{"rendered":"http:\/\/localhost:8081\/?page_id=52"},"modified":"2026-02-23T23:10:45","modified_gmt":"2026-02-23T23:10:45","slug":"training","status":"publish","type":"page","link":"https:\/\/lusitech.com\/pt\/training","title":{"rendered":"Forma\u00e7\u00e3o"},"content":{"rendered":"<div data-elementor-type=\"wp-page\" data-elementor-id=\"52\" class=\"elementor elementor-52\" data-elementor-post-type=\"page\">\n\t\t\t\t\t\t<section class=\"elementor-section elementor-top-section elementor-element elementor-element-951a722 elementor-section-height-min-height elementor-section-boxed elementor-section-height-default elementor-section-items-middle\" data-id=\"951a722\" data-element_type=\"section\" data-e-type=\"section\" data-settings=\"{&quot;background_background&quot;:&quot;classic&quot;}\">\n\t\t\t\t\t\t<div class=\"elementor-container elementor-column-gap-default\">\n\t\t\t\t\t<div class=\"elementor-column elementor-col-100 elementor-top-column elementor-element elementor-element-d330f6c\" data-id=\"d330f6c\" data-element_type=\"column\" data-e-type=\"column\">\n\t\t\t<div class=\"elementor-widget-wrap elementor-element-populated\">\n\t\t\t\t\t\t<section class=\"elementor-section elementor-inner-section elementor-element elementor-element-4f17467 elementor-section-content-middle elementor-section-boxed elementor-section-height-default elementor-section-height-default\" data-id=\"4f17467\" data-element_type=\"section\" data-e-type=\"section\">\n\t\t\t\t\t\t<div class=\"elementor-container elementor-column-gap-no\">\n\t\t\t\t\t<div class=\"elementor-column elementor-col-50 elementor-inner-column elementor-element elementor-element-397aa11\" data-id=\"397aa11\" data-element_type=\"column\" data-e-type=\"column\">\n\t\t\t<div class=\"elementor-widget-wrap elementor-element-populated\">\n\t\t\t\t\t\t<div class=\"elementor-element elementor-element-a12608a elementor-widget elementor-widget-image\" data-id=\"a12608a\" data-element_type=\"widget\" data-e-type=\"widget\" data-widget_type=\"image.default\">\n\t\t\t\t<div class=\"elementor-widget-container\">\n\t\t\t\t\t\t\t\t\t\t\t\t\t\t\t<img fetchpriority=\"high\" decoding=\"async\" width=\"710\" height=\"520\" src=\"\/wp-content\/uploads\/2020\/10\/Training.png\" class=\"attachment-large size-large wp-image-245\" alt=\"\" srcset=\"\/wp-content\/uploads\/2020\/10\/Training.png 710w, \/wp-content\/uploads\/2020\/10\/Training-300x220.png 300w\" sizes=\"(max-width: 710px) 100vw, 710px\" \/>\t\t\t\t\t\t\t\t\t\t\t\t\t\t\t<\/div>\n\t\t\t\t<\/div>\n\t\t\t\t\t<\/div>\n\t\t<\/div>\n\t\t\t\t<div class=\"elementor-column elementor-col-50 elementor-inner-column elementor-element elementor-element-1d45100\" data-id=\"1d45100\" data-element_type=\"column\" data-e-type=\"column\">\n\t\t\t<div class=\"elementor-widget-wrap elementor-element-populated\">\n\t\t\t\t\t\t<div class=\"elementor-element elementor-element-6f6449c elementor-widget elementor-widget-heading\" data-id=\"6f6449c\" data-element_type=\"widget\" data-e-type=\"widget\" data-widget_type=\"heading.default\">\n\t\t\t\t<div class=\"elementor-widget-container\">\n\t\t\t\t\t<h1 class=\"elementor-heading-title elementor-size-default\">Forma\u00e7\u00e3o<\/h1>\t\t\t\t<\/div>\n\t\t\t\t<\/div>\n\t\t\t\t\t<\/div>\n\t\t<\/div>\n\t\t\t\t\t<\/div>\n\t\t<\/section>\n\t\t\t\t<div class=\"elementor-element elementor-element-51ba79c elementor-widget elementor-widget-text-editor\" data-id=\"51ba79c\" data-element_type=\"widget\" data-e-type=\"widget\" data-widget_type=\"text-editor.default\">\n\t\t\t\t<div class=\"elementor-widget-container\">\n\t\t\t\t\t\t\t\t\t<p>Often the official training, besides long and expensive, focuses all the content of the technology in question, ending up not to deepen the specific theme that the professional is after, in order to solve real problems of your company. This can create frustration in the IT professional by failing to achieve its goal and leads to inadequate investments of your company.<\/p><p>A experi\u00eancia da LusiTech no mercado das Tecnologias de Informa\u00e7\u00e3o ajudou-nos a desenvolver pacotes de forma\u00e7\u00e3o especialmente concebidos para as necessidades do seu departamento de IT. O retorno do seu investimento ser\u00e1 maior se resolver problemas da vida real da sua empresa, e o tempo que os seus profissionais de IT gastam em forma\u00e7\u00e3o ser\u00e1 totalmente utilizado para o que realmente importa: <strong>o seu neg\u00f3cio.<\/strong>.<\/p><p><strong><span style=\"font-size: x-large;\">SQL Server:<\/span><\/strong><\/p><ul><li>Installation and Configuration of SQL Server;<\/li><li>Upgrade SQL Server;<\/li><li>Ajuste de desempenho;<\/li><li>T-SQL;<\/li><li>Servi\u00e7os de Integra\u00e7\u00e3o do SQL Server (SSIS);<\/li><li>Alta disponibilidade e recupera\u00e7\u00e3o em caso de acidente<\/li><\/ul><p><strong><span style=\"font-size: x-large;\">Business Intelligence:<\/span><\/strong><\/p><ul><li>Servi\u00e7os de Relat\u00f3rios do SQL Server (SSRS);<\/li><li>Business Intelligence (Inclui Princ\u00edpios b\u00e1sicos + SSIS + SSRS + Power BI);<\/li><li>Relat\u00f3rios SSRS para utilizadores finais.<\/li><\/ul><p><strong><span style=\"font-size: x-large;\">Infra-estrutura e Ado\u00e7\u00e3o da Nuvem (cloud):<\/span><\/strong><\/p><ul><li>Hyper-V;<\/li><li>Migra\u00e7\u00e3o de e para as bases de dados Azure SQL;<\/li><li>Azure General &amp; VMs.<\/li><\/ul><p>As sess\u00f5es de forma\u00e7\u00e3o s\u00e3o oferecidas em ambientes virtuais dedicados, aumentando assim a produtividade e a seguran\u00e7a da sess\u00e3o. Assim, o equipamento e a informa\u00e7\u00e3o da sua empresa n\u00e3o s\u00e3o comprometidos, e a sua equipa poder\u00e1 concentrar-se inteiramente no assunto.<\/p><p>Se n\u00e3o encontrar um pacote adequado \u00e0s suas necessidades, quer em dura\u00e7\u00e3o quer no conte\u00fado, <a href=\"https:\/\/lusitech-web-live.azurewebsites.net\/contact\">contacte-nos<\/a>. Dentro das nossas \u00e1reas de especializa\u00e7\u00e3o, podemos criar uma forma\u00e7\u00e3o ainda mais personalizada para a sua empresa.<\/p>\t\t\t\t\t\t\t\t<\/div>\n\t\t\t\t<\/div>\n\t\t\t\t\t<\/div>\n\t\t<\/div>\n\t\t\t\t\t<\/div>\n\t\t<\/section>\n\t\t\t\t<\/div>","protected":false},"excerpt":{"rendered":"<p>Training Often the official training, besides long and expensive, focuses all the content of the technology in question, ending up not to deepen the specific theme that the professional is after, in order to solve real problems of your company. This can create frustration in the IT professional by failing to achieve its goal and [&hellip;]<\/p>\n","protected":false},"author":1,"featured_media":0,"parent":0,"menu_order":0,"comment_status":"closed","ping_status":"closed","template":"","meta":{"site-sidebar-layout":"no-sidebar","site-content-layout":"page-builder","ast-site-content-layout":"default","site-content-style":"default","site-sidebar-style":"default","ast-global-header-display":"","ast-banner-title-visibility":"","ast-main-header-display":"","ast-hfb-above-header-display":"","ast-hfb-below-header-display":"","ast-hfb-mobile-header-display":"","site-post-title":"disabled","ast-breadcrumbs-content":"","ast-featured-img":"disabled","footer-sml-layout":"","ast-disable-related-posts":"","theme-transparent-header-meta":"default","adv-header-id-meta":"","stick-header-meta":"","header-above-stick-meta":"","header-main-stick-meta":"","header-below-stick-meta":"","astra-migrate-meta-layouts":"default","ast-page-background-enabled":"default","ast-page-background-meta":{"desktop":{"background-color":"","background-image":"","background-repeat":"repeat","background-position":"center center","background-size":"auto","background-attachment":"scroll","background-type":"","background-media":"","overlay-type":"","overlay-color":"","overlay-opacity":"","overlay-gradient":""},"tablet":{"background-color":"","background-image":"","background-repeat":"repeat","background-position":"center center","background-size":"auto","background-attachment":"scroll","background-type":"","background-media":"","overlay-type":"","overlay-color":"","overlay-opacity":"","overlay-gradient":""},"mobile":{"background-color":"","background-image":"","background-repeat":"repeat","background-position":"center center","background-size":"auto","background-attachment":"scroll","background-type":"","background-media":"","overlay-type":"","overlay-color":"","overlay-opacity":"","overlay-gradient":""}},"ast-content-background-meta":{"desktop":{"background-color":"var(--ast-global-color-5)","background-image":"","background-repeat":"repeat","background-position":"center center","background-size":"auto","background-attachment":"scroll","background-type":"","background-media":"","overlay-type":"","overlay-color":"","overlay-opacity":"","overlay-gradient":""},"tablet":{"background-color":"var(--ast-global-color-5)","background-image":"","background-repeat":"repeat","background-position":"center center","background-size":"auto","background-attachment":"scroll","background-type":"","background-media":"","overlay-type":"","overlay-color":"","overlay-opacity":"","overlay-gradient":""},"mobile":{"background-color":"var(--ast-global-color-5)","background-image":"","background-repeat":"repeat","background-position":"center center","background-size":"auto","background-attachment":"scroll","background-type":"","background-media":"","overlay-type":"","overlay-color":"","overlay-opacity":"","overlay-gradient":""}},"footnotes":""},"class_list":["post-52","page","type-page","status-publish","hentry"],"_links":{"self":[{"href":"https:\/\/lusitech.com\/pt\/wp-json\/wp\/v2\/pages\/52","targetHints":{"allow":["GET"]}}],"collection":[{"href":"https:\/\/lusitech.com\/pt\/wp-json\/wp\/v2\/pages"}],"about":[{"href":"https:\/\/lusitech.com\/pt\/wp-json\/wp\/v2\/types\/page"}],"author":[{"embeddable":true,"href":"https:\/\/lusitech.com\/pt\/wp-json\/wp\/v2\/users\/1"}],"replies":[{"embeddable":true,"href":"https:\/\/lusitech.com\/pt\/wp-json\/wp\/v2\/comments?post=52"}],"version-history":[{"count":21,"href":"https:\/\/lusitech.com\/pt\/wp-json\/wp\/v2\/pages\/52\/revisions"}],"predecessor-version":[{"id":1376,"href":"https:\/\/lusitech.com\/pt\/wp-json\/wp\/v2\/pages\/52\/revisions\/1376"}],"wp:attachment":[{"href":"https:\/\/lusitech.com\/pt\/wp-json\/wp\/v2\/media?parent=52"}],"curies":[{"name":"wp","href":"https:\/\/api.w.org\/{rel}","templated":true}]}}