{"id":97,"date":"2020-09-27T11:41:02","date_gmt":"2020-09-27T11:41:02","guid":{"rendered":"http:\/\/localhost:8081\/?page_id=97"},"modified":"2026-02-22T12:26:00","modified_gmt":"2026-02-22T12:26:00","slug":"terms-and-conditions","status":"publish","type":"page","link":"https:\/\/lusitech.com\/pt\/terms-and-conditions","title":{"rendered":"Termos &amp; Condi\u00e7\u00f5es"},"content":{"rendered":"<div data-elementor-type=\"wp-page\" data-elementor-id=\"97\" class=\"elementor elementor-97\" data-elementor-post-type=\"page\">\n\t\t\t\t\t\t<section class=\"elementor-section elementor-top-section elementor-element elementor-element-a1df529 elementor-section-boxed elementor-section-height-default elementor-section-height-default\" data-id=\"a1df529\" data-element_type=\"section\" data-e-type=\"section\" data-settings=\"{&quot;background_background&quot;:&quot;classic&quot;}\">\n\t\t\t\t\t\t<div class=\"elementor-container elementor-column-gap-default\">\n\t\t\t\t\t<div class=\"elementor-column elementor-col-100 elementor-top-column elementor-element elementor-element-7120d6d\" data-id=\"7120d6d\" data-element_type=\"column\" data-e-type=\"column\">\n\t\t\t<div class=\"elementor-widget-wrap elementor-element-populated\">\n\t\t\t\t\t\t<div class=\"elementor-element elementor-element-9c13aaa elementor-widget elementor-widget-heading\" data-id=\"9c13aaa\" data-element_type=\"widget\" data-e-type=\"widget\" data-widget_type=\"heading.default\">\n\t\t\t\t<div class=\"elementor-widget-container\">\n\t\t\t\t\t<h1 class=\"elementor-heading-title elementor-size-default\">Termos &amp; Condi\u00e7\u00f5es<\/h1>\t\t\t\t<\/div>\n\t\t\t\t<\/div>\n\t\t\t\t<div class=\"elementor-element elementor-element-08ce678 elementor-widget elementor-widget-text-editor\" data-id=\"08ce678\" data-element_type=\"widget\" data-e-type=\"widget\" data-widget_type=\"text-editor.default\">\n\t\t\t\t<div class=\"elementor-widget-container\">\n\t\t\t\t\t\t\t\t\t<p>Bem-vindo ao nosso site. Ao continuar a navegar e a utilizar este website, concorda em cumprir e estar sujeito aos seguintes termos e condi\u00e7\u00f5es de utiliza\u00e7\u00e3o, que juntamente com a nossa pol\u00edtica de privacidade regem a rela\u00e7\u00e3o da LusiTech consigo em rela\u00e7\u00e3o a este website.<\/p><p>O termo \u201cLusiTech\u201d, \u201cn\u00f3s\u201d ou \u201cnosso\u201d refere-se ao propriet\u00e1rio do website. A LusiTech est\u00e1 registada na Esc\u00f3cia, sob o n\u00famero SC588867, com sede em Stanley House, 69\/71 Hamilton Road, ML1 3DG Motherwell. O termo \u201cvoc\u00ea\u201d refere-se ao utilizador ou visitante do nosso website.<\/p><p>A utiliza\u00e7\u00e3o deste site est\u00e1 sujeita aos seguintes termos de utiliza\u00e7\u00e3o:<\/p><ul><li>O conte\u00fado das p\u00e1ginas deste site \u00e9 apenas para sua informa\u00e7\u00e3o geral e uso. Ele est\u00e1 sujeito a altera\u00e7\u00e3o sem aviso pr\u00e9vio.<\/li><li>Nem n\u00f3s nem terceiros fornecemos qualquer garantia quanto \u00e0 precis\u00e3o, pontualidade, desempenho, integridade ou adequa\u00e7\u00e3o das informa\u00e7\u00f5es e materiais encontrados ou oferecidos neste site para qualquer finalidade espec\u00edfica. Voc\u00ea reconhece que essas informa\u00e7\u00f5es e materiais podem conter imprecis\u00f5es ou erros e exclu\u00edmos expressamente a responsabilidade por essas imprecis\u00f5es ou erros na extens\u00e3o m\u00e1xima permitida por lei.<\/li><li>O uso de qualquer informa\u00e7\u00e3o ou material neste site \u00e9 inteiramente de seu pr\u00f3prio risco, pelo qual n\u00e3o seremos respons\u00e1veis. \u00c9 de sua responsabilidade garantir que quaisquer produtos, servi\u00e7os ou informa\u00e7\u00f5es dispon\u00edveis neste site atendam aos seus requisitos espec\u00edficos.<\/li><li>Este site cont\u00e9m material que nos pertence ou nos \u00e9 licenciado. Este material inclui, mas n\u00e3o se limita a, design, layout, apar\u00eancia, apar\u00eancia e gr\u00e1ficos. A reprodu\u00e7\u00e3o \u00e9 proibida, exceto em conformidade com o aviso de direitos autorais, que faz parte desses termos e condi\u00e7\u00f5es.<\/li><li>Todas as marcas registradas reproduzidas neste site, que n\u00e3o s\u00e3o de propriedade ou licenciadas para o operador, s\u00e3o reconhecidas no site.<\/li><li>Unauthorised use of this website may give rise to a claim for damages and\/or be a criminal offence.<\/li><li>Este site tamb\u00e9m pode incluir links para outros sites. Esses links s\u00e3o fornecidos para sua conveni\u00eancia, para fornecer mais informa\u00e7\u00f5es. Eles n\u00e3o significam que apoiamos o (s) site (s). N\u00e3o nos responsabilizamos pelo conte\u00fado do (s) site (s) vinculado (s).<\/li><li>Voc\u00ea n\u00e3o pode criar um link para este site a partir de outro site ou documento sem o consentimento pr\u00e9vio por escrito da LusiTech.<\/li><li>O uso deste site e qualquer disputa decorrente desse uso est\u00e3o sujeitos \u00e0s leis da Esc\u00f3cia.<\/li><\/ul><p><strong><span style=\"font-size: x-large;\">Aviso Legal:<\/span><\/strong><br \/>As informa\u00e7\u00f5es contidas neste site s\u00e3o apenas para fins informativos gerais. As informa\u00e7\u00f5es s\u00e3o fornecidas pela LusiTech e, embora nos esforcemos por manter as informa\u00e7\u00f5es atualizadas e corretas, n\u00e3o fazemos qualquer declara\u00e7\u00e3o ou garantia de qualquer tipo, expressa ou impl\u00edcita, sobre a integridade, precis\u00e3o, fiabilidade, adequa\u00e7\u00e3o ou disponibilidade do website ou das informa\u00e7\u00f5es, produtos, servi\u00e7os ou gr\u00e1ficos relacionados contidos no website para qualquer finalidade. Qualquer confian\u00e7a que deposite nesta informa\u00e7\u00e3o \u00e9, portanto, estritamente por sua conta e risco.<\/p><p>Em caso algum seremos respons\u00e1veis por qualquer perda ou dano, incluindo, sem limita\u00e7\u00e3o, perda ou dano indireto ou consequente, ou qualquer perda ou dano decorrente da perda de dados ou lucros decorrentes ou relacionados com a utiliza\u00e7\u00e3o deste website.<\/p><p>Atrav\u00e9s deste site, pode aceder a outros sites que n\u00e3o est\u00e3o sob o controlo da LusiTech. N\u00e3o temos qualquer controlo sobre a natureza, o conte\u00fado e a disponibilidade desses sites. A inclus\u00e3o de quaisquer links n\u00e3o implica necessariamente uma recomenda\u00e7\u00e3o ou endosso das opini\u00f5es neles expressas.<\/p><p>Todos os esfor\u00e7os s\u00e3o feitos para manter o site a funcionar sem problemas. No entanto, a LusiTech n\u00e3o \u00e9 respons\u00e1vel e n\u00e3o ser\u00e1 responsabilizada pela indisponibilidade tempor\u00e1ria do site devido a problemas t\u00e9cnicos fora do nosso controlo.<\/p><p><strong><span style=\"font-size: x-large;\">Aviso de direitos autorais:<\/span><\/strong><br \/>Este website e o seu conte\u00fado s\u00e3o propriedade da LusiTech <span id=\"current-year\"><\/span>. Todos os direitos reservados.<\/p><p><script>\n  document.getElementById('current-year').textContent = new Date().getFullYear();\n<\/script><\/p><p>\u00c9 proibida qualquer redistribui\u00e7\u00e3o ou reprodu\u00e7\u00e3o de parte ou da totalidade do conte\u00fado, sob qualquer forma, exceto os seguintes:<\/p><ul><li>Voc\u00ea pode imprimir ou fazer o download em um extrato local do disco r\u00edgido apenas para uso pessoal e n\u00e3o comercial<\/li><li>Voc\u00ea pode copiar o conte\u00fado para terceiros para uso pessoal, mas somente se voc\u00ea reconhecer o site como a fonte do material.<\/li><li>Voc\u00ea n\u00e3o pode, exceto com nossa permiss\u00e3o expressa por escrito, distribuir ou explorar comercialmente o conte\u00fado. Voc\u00ea tamb\u00e9m n\u00e3o pode transmiti-lo ou armazen\u00e1-lo em qualquer outro site ou outra forma de sistema de recupera\u00e7\u00e3o eletr\u00f4nica.<\/li><\/ul>\t\t\t\t\t\t\t\t<\/div>\n\t\t\t\t<\/div>\n\t\t\t\t\t<\/div>\n\t\t<\/div>\n\t\t\t\t\t<\/div>\n\t\t<\/section>\n\t\t\t\t<\/div>","protected":false},"excerpt":{"rendered":"<p>Terms and Conditions Welcome to our website. If you continue to browse and use this website you are agreeing to comply with and be bound by the following terms and conditions of use, which together with our privacy policy govern LusiTech&#8217;s relationship with you in relation to this website. The term &#8220;LusiTech&#8221; or &#8220;us&#8221; or [&hellip;]<\/p>\n","protected":false},"author":1,"featured_media":0,"parent":0,"menu_order":0,"comment_status":"closed","ping_status":"closed","template":"","meta":{"site-sidebar-layout":"no-sidebar","site-content-layout":"page-builder","ast-site-content-layout":"default","site-content-style":"default","site-sidebar-style":"default","ast-global-header-display":"","ast-banner-title-visibility":"","ast-main-header-display":"","ast-hfb-above-header-display":"","ast-hfb-below-header-display":"","ast-hfb-mobile-header-display":"","site-post-title":"disabled","ast-breadcrumbs-content":"","ast-featured-img":"disabled","footer-sml-layout":"","ast-disable-related-posts":"","theme-transparent-header-meta":"default","adv-header-id-meta":"","stick-header-meta":"","header-above-stick-meta":"","header-main-stick-meta":"","header-below-stick-meta":"","astra-migrate-meta-layouts":"default","ast-page-background-enabled":"default","ast-page-background-meta":{"desktop":{"background-color":"","background-image":"","background-repeat":"repeat","background-position":"center center","background-size":"auto","background-attachment":"scroll","background-type":"","background-media":"","overlay-type":"","overlay-color":"","overlay-opacity":"","overlay-gradient":""},"tablet":{"background-color":"","background-image":"","background-repeat":"repeat","background-position":"center center","background-size":"auto","background-attachment":"scroll","background-type":"","background-media":"","overlay-type":"","overlay-color":"","overlay-opacity":"","overlay-gradient":""},"mobile":{"background-color":"","background-image":"","background-repeat":"repeat","background-position":"center center","background-size":"auto","background-attachment":"scroll","background-type":"","background-media":"","overlay-type":"","overlay-color":"","overlay-opacity":"","overlay-gradient":""}},"ast-content-background-meta":{"desktop":{"background-color":"var(--ast-global-color-5)","background-image":"","background-repeat":"repeat","background-position":"center center","background-size":"auto","background-attachment":"scroll","background-type":"","background-media":"","overlay-type":"","overlay-color":"","overlay-opacity":"","overlay-gradient":""},"tablet":{"background-color":"var(--ast-global-color-5)","background-image":"","background-repeat":"repeat","background-position":"center center","background-size":"auto","background-attachment":"scroll","background-type":"","background-media":"","overlay-type":"","overlay-color":"","overlay-opacity":"","overlay-gradient":""},"mobile":{"background-color":"var(--ast-global-color-5)","background-image":"","background-repeat":"repeat","background-position":"center center","background-size":"auto","background-attachment":"scroll","background-type":"","background-media":"","overlay-type":"","overlay-color":"","overlay-opacity":"","overlay-gradient":""}},"footnotes":""},"class_list":["post-97","page","type-page","status-publish","hentry"],"_links":{"self":[{"href":"https:\/\/lusitech.com\/pt\/wp-json\/wp\/v2\/pages\/97","targetHints":{"allow":["GET"]}}],"collection":[{"href":"https:\/\/lusitech.com\/pt\/wp-json\/wp\/v2\/pages"}],"about":[{"href":"https:\/\/lusitech.com\/pt\/wp-json\/wp\/v2\/types\/page"}],"author":[{"embeddable":true,"href":"https:\/\/lusitech.com\/pt\/wp-json\/wp\/v2\/users\/1"}],"replies":[{"embeddable":true,"href":"https:\/\/lusitech.com\/pt\/wp-json\/wp\/v2\/comments?post=97"}],"version-history":[{"count":6,"href":"https:\/\/lusitech.com\/pt\/wp-json\/wp\/v2\/pages\/97\/revisions"}],"predecessor-version":[{"id":1369,"href":"https:\/\/lusitech.com\/pt\/wp-json\/wp\/v2\/pages\/97\/revisions\/1369"}],"wp:attachment":[{"href":"https:\/\/lusitech.com\/pt\/wp-json\/wp\/v2\/media?parent=97"}],"curies":[{"name":"wp","href":"https:\/\/api.w.org\/{rel}","templated":true}]}}